{"id":4928,"date":"2026-02-26T10:57:28","date_gmt":"2026-02-26T09:57:28","guid":{"rendered":"https:\/\/makonapfenyresidence.hu\/?page_id=4928"},"modified":"2026-03-05T17:25:44","modified_gmt":"2026-03-05T16:25:44","slug":"my-home","status":"publish","type":"page","link":"https:\/\/makonapfenyresidence.hu\/en\/sajat-otthon\/","title":{"rendered":"Your own home"},"content":{"rendered":"<div data-elementor-type=\"wp-page\" data-elementor-id=\"4928\" class=\"elementor elementor-4928\" data-elementor-post-type=\"page\">\n\t\t\t\t<div class=\"elementor-element elementor-element-266fa33 e-flex e-con-boxed e-con e-parent\" data-id=\"266fa33\" data-element_type=\"container\" data-e-type=\"container\" data-settings=\"{&quot;background_background&quot;:&quot;classic&quot;}\">\n\t\t\t\t\t<div class=\"e-con-inner\">\n\t\t<div class=\"elementor-element elementor-element-9895c02 e-con-full e-flex e-con e-child\" data-id=\"9895c02\" data-element_type=\"container\" data-e-type=\"container\" data-settings=\"{&quot;background_background&quot;:&quot;classic&quot;}\">\n\t\t\t\t<div class=\"elementor-element elementor-element-dcc569c elementor-widget elementor-widget-heading\" data-id=\"dcc569c\" data-element_type=\"widget\" data-e-type=\"widget\" data-widget_type=\"heading.default\">\n\t\t\t\t\t<h1 class=\"elementor-heading-title elementor-size-default\">Mak\u00f3 Sun Residence \u2013 New apartment, your own home in the center of Mak\u00f3<\/h1>\t\t\t\t<\/div>\n\t\t\t\t<div class=\"elementor-element elementor-element-e237626 elementor-widget elementor-widget-text-editor\" data-id=\"e237626\" data-element_type=\"widget\" data-e-type=\"widget\" data-widget_type=\"text-editor.default\">\n\t\t\t\t\t\t\t\t\t<p>New apartment in Mak\u00f3 for personal use. Modern, energy-efficient apartments between 33\u2013100 m\u00b2, with modern heat pump heating and cooling. Some apartments also have a balcony or loggia.<\/p>\t\t\t\t\t\t\t\t<\/div>\n\t\t\t\t<div class=\"elementor-element elementor-element-db2ab8b elementor-align-center elementor-widget elementor-widget-button\" data-id=\"db2ab8b\" data-element_type=\"widget\" data-e-type=\"widget\" data-widget_type=\"button.default\">\n\t\t\t\t\t\t\t\t\t\t<a class=\"elementor-button elementor-button-link elementor-size-sm\" href=\"https:\/\/makonapfenyresidence.hu\/en\/#urlap\" target=\"_blank\">\n\t\t\t\t\t\t<span class=\"elementor-button-content-wrapper\">\n\t\t\t\t\t\t\t\t\t<span class=\"elementor-button-text\">I would like to request a quote for an apartment<\/span>\n\t\t\t\t\t<\/span>\n\t\t\t\t\t<\/a>\n\t\t\t\t\t\t\t\t<\/div>\n\t\t\t\t<\/div>\n\t\t\t\t\t<\/div>\n\t\t\t\t<\/div>\n\t\t<div class=\"elementor-element elementor-element-58d0960 e-flex e-con-boxed e-con e-parent\" data-id=\"58d0960\" data-element_type=\"container\" data-e-type=\"container\">\n\t\t\t\t\t<div class=\"e-con-inner\">\n\t\t\t\t<div class=\"elementor-element elementor-element-e85ebdd elementor-widget elementor-widget-heading\" data-id=\"e85ebdd\" data-element_type=\"widget\" data-e-type=\"widget\" data-widget_type=\"heading.default\">\n\t\t\t\t\t<h2 class=\"elementor-heading-title elementor-size-default\">Technical content and design<\/h2>\t\t\t\t<\/div>\n\t\t<div class=\"elementor-element elementor-element-9bfd18a e-con-full e-flex e-con e-child\" data-id=\"9bfd18a\" data-element_type=\"container\" data-e-type=\"container\">\n\t\t<div class=\"elementor-element elementor-element-104ff02 e-con-full e-flex e-con e-child\" data-id=\"104ff02\" data-element_type=\"container\" data-e-type=\"container\" data-settings=\"{&quot;background_background&quot;:&quot;classic&quot;}\">\n\t\t\t\t<div class=\"elementor-element elementor-element-86047e5 elementor-widget elementor-widget-heading\" data-id=\"86047e5\" data-element_type=\"widget\" data-e-type=\"widget\" data-widget_type=\"heading.default\">\n\t\t\t\t\t<h3 class=\"elementor-heading-title elementor-size-default\">Massive structure<\/h3>\t\t\t\t<\/div>\n\t\t\t\t<div class=\"elementor-element elementor-element-efede9d elementor-widget elementor-widget-text-editor\" data-id=\"efede9d\" data-element_type=\"widget\" data-e-type=\"widget\" data-widget_type=\"text-editor.default\">\n\t\t\t\t\t\t\t\t\t<p>A 45 cm thick Viablokk wall structure, monolithic reinforced concrete slabs, and modern sound insulation ensure a stable, time-resistant structure and adequate soundproofing between apartments.<\/p>\t\t\t\t\t\t\t\t<\/div>\n\t\t\t\t<\/div>\n\t\t<div class=\"elementor-element elementor-element-a34e763 e-con-full e-flex e-con e-child\" data-id=\"a34e763\" data-element_type=\"container\" data-e-type=\"container\">\n\t\t\t\t<div class=\"elementor-element elementor-element-aaaab5e elementor-widget elementor-widget-heading\" data-id=\"aaaab5e\" data-element_type=\"widget\" data-e-type=\"widget\" data-widget_type=\"heading.default\">\n\t\t\t\t\t<h3 class=\"elementor-heading-title elementor-size-default\">Modern mechanical engineering<\/h3>\t\t\t\t<\/div>\n\t\t\t\t<div class=\"elementor-element elementor-element-8f92763 elementor-widget elementor-widget-text-editor\" data-id=\"8f92763\" data-element_type=\"widget\" data-e-type=\"widget\" data-widget_type=\"text-editor.default\">\n\t\t\t\t\t\t\t\t\t<p>Air-to-water heat pump system, with underfloor heating and fan-coil cooling that can be controlled from room to room. Heat pump hot water supply. Energy efficient operation, low maintenance costs and year-round comfort.<\/p>\t\t\t\t\t\t\t\t<\/div>\n\t\t\t\t<\/div>\n\t\t<div class=\"elementor-element elementor-element-639a094 e-con-full e-flex e-con e-child\" data-id=\"639a094\" data-element_type=\"container\" data-e-type=\"container\">\n\t\t\t\t<div class=\"elementor-element elementor-element-bbd5004 elementor-widget elementor-widget-heading\" data-id=\"bbd5004\" data-element_type=\"widget\" data-e-type=\"widget\" data-widget_type=\"heading.default\">\n\t\t\t\t\t<h3 class=\"elementor-heading-title elementor-size-default\">Shell ready foundation, optional turnkey completion<\/h3>\t\t\t\t<\/div>\n\t\t\t\t<div class=\"elementor-element elementor-element-53ae8ae elementor-widget elementor-widget-text-editor\" data-id=\"53ae8ae\" data-element_type=\"widget\" data-e-type=\"widget\" data-widget_type=\"text-editor.default\">\n\t\t\t\t\t\t\t\t\t<p>The contract is primarily for a structure-ready condition. If desired, a turnkey completion can also be requested by separate agreement. This allows the buyer to decide on their own execution or to order the full completion.<\/p>\t\t\t\t\t\t\t\t<\/div>\n\t\t\t\t<\/div>\n\t\t\t\t<\/div>\n\t\t\t\t\t<\/div>\n\t\t\t\t<\/div>\n\t\t<div class=\"elementor-element elementor-element-d3efa44 e-flex e-con-boxed e-con e-parent\" data-id=\"d3efa44\" data-element_type=\"container\" data-e-type=\"container\" data-settings=\"{&quot;background_background&quot;:&quot;classic&quot;}\">\n\t\t\t\t\t<div class=\"e-con-inner\">\n\t\t\t\t<div class=\"elementor-element elementor-element-5dc0c25 elementor-widget elementor-widget-heading\" data-id=\"5dc0c25\" data-element_type=\"widget\" data-e-type=\"widget\" data-widget_type=\"heading.default\">\n\t\t\t\t\t<h2 class=\"elementor-heading-title elementor-size-default\">Payment Schedule \u2013 to structural completion<\/h2>\t\t\t\t<\/div>\n\t\t\t\t<div class=\"elementor-element elementor-element-226bfb9 elementor-widget elementor-widget-text-editor\" data-id=\"226bfb9\" data-element_type=\"widget\" data-e-type=\"widget\" data-widget_type=\"text-editor.default\">\n\t\t\t\t\t\t\t\t\t<ul><li>10% at the time of entering into the contract<\/li><li>20% v\u00e9tel\u00e1rr\u00e9szlet a szerz\u0151d\u00e9s al\u00e1\u00edr\u00e1s\u00e1t k\u00f6vet\u0151en<\/li><li>10% when foundation is completed<\/li><li>10% els\u0151 emelet feletti f\u00f6d\u00e9m elk\u00e9sz\u00fcltekor<\/li><li>10% when the slab above the second floor is completed<\/li><li>10% upon completion of the roof structure<\/li><li>15% upon completion of interior plastering<\/li><li>10% facade when completed<\/li><li>5% on reaching the finished state<\/li><\/ul>\t\t\t\t\t\t\t\t<\/div>\n\t\t<div class=\"elementor-element elementor-element-5436d88 e-con-full e-flex e-con e-child\" data-id=\"5436d88\" data-element_type=\"container\" data-e-type=\"container\" data-settings=\"{&quot;background_background&quot;:&quot;classic&quot;}\">\n\t\t\t\t<div class=\"elementor-element elementor-element-cfb2b1f elementor-widget elementor-widget-heading\" data-id=\"cfb2b1f\" data-element_type=\"widget\" data-e-type=\"widget\" data-widget_type=\"heading.default\">\n\t\t\t\t\t<h3 class=\"elementor-heading-title elementor-size-default\">Turnkey completion option<\/h3>\t\t\t\t<\/div>\n\t\t\t\t<\/div>\n\t\t\t\t<div class=\"elementor-element elementor-element-e2d7d66 elementor-widget elementor-widget-text-editor\" data-id=\"e2d7d66\" data-element_type=\"widget\" data-e-type=\"widget\" data-widget_type=\"text-editor.default\">\n\t\t\t\t\t\t\t\t\t<p>Turnkey completion can be requested by separate contract after full payment of the construction costs.<br data-start=\"598\" data-end=\"601\" \/>Turnkey delivery payment schedule:<\/p><ul><li>50% at contract signing<\/li><li>40% after interior finishing works<\/li><li>10 handover%<\/li><\/ul>\t\t\t\t\t\t\t\t<\/div>\n\t\t\t\t\t<\/div>\n\t\t\t\t<\/div>\n\t\t<div class=\"elementor-element elementor-element-5b32aa2 e-flex e-con-boxed e-con e-parent\" data-id=\"5b32aa2\" data-element_type=\"container\" data-e-type=\"container\">\n\t\t\t\t\t<div class=\"e-con-inner\">\n\t\t\t\t<div class=\"elementor-element elementor-element-2c2c2f0 elementor-widget elementor-widget-heading\" data-id=\"2c2c2f0\" data-element_type=\"widget\" data-e-type=\"widget\" data-widget_type=\"heading.default\">\n\t\t\t\t\t<h2 class=\"elementor-heading-title elementor-size-default\">Implementation schedule<\/h2>\t\t\t\t<\/div>\n\t\t\t\t<div class=\"elementor-element elementor-element-607467b elementor-widget elementor-widget-text-editor\" data-id=\"607467b\" data-element_type=\"widget\" data-e-type=\"widget\" data-widget_type=\"text-editor.default\">\n\t\t\t\t\t\t\t\t\t<p><strong data-start=\"328\" data-end=\"351\">April-May 2026<\/strong> Execution start - planned<br data-start=\"372\" data-end=\"375\" \/><strong data-start=\"375\" data-end=\"389\">2026\u20132027:<\/strong> structural engineering, mechanical and electrical basic installations<br data-start=\"445\" data-end=\"448\" \/><strong data-start=\"448\" data-end=\"462\">2027\u20132028:<\/strong> Facade work, interior specialized work<br data-start=\"504\" data-end=\"507\" \/><strong data-start=\"507\" data-end=\"516\">2028:<\/strong> technical handover, occupancy<\/p>\t\t\t\t\t\t\t\t<\/div>\n\t\t\t\t\t<\/div>\n\t\t\t\t<\/div>\n\t\t<div class=\"elementor-element elementor-element-9004612 e-flex e-con-boxed e-con e-parent\" data-id=\"9004612\" data-element_type=\"container\" data-e-type=\"container\" data-settings=\"{&quot;background_background&quot;:&quot;classic&quot;}\">\n\t\t\t\t\t<div class=\"e-con-inner\">\n\t\t\t\t<div class=\"elementor-element elementor-element-b463079 elementor-widget elementor-widget-heading\" data-id=\"b463079\" data-element_type=\"widget\" data-e-type=\"widget\" data-widget_type=\"heading.default\">\n\t\t\t\t\t<h2 class=\"elementor-heading-title elementor-size-default\">How to buy an apartment<\/h2>\t\t\t\t<\/div>\n\t\t\t\t<div class=\"elementor-element elementor-element-37921ab elementor-widget elementor-widget-text-editor\" data-id=\"37921ab\" data-element_type=\"widget\" data-e-type=\"widget\" data-widget_type=\"text-editor.default\">\n\t\t\t\t\t\t\t\t\t<p data-start=\"599\" data-end=\"737\"><strong data-start=\"599\" data-end=\"631\">1. Letter of Intent<\/strong><br data-start=\"631\" data-end=\"634\" \/>At the current stage of the project, apartments can be reserved with a letter of intent, with a price guarantee.<\/p><p data-start=\"739\" data-end=\"864\"><strong data-start=\"739\" data-end=\"768\">2. Execution of a Preliminary Agreement<\/strong><br data-start=\"768\" data-end=\"771\" \/>Following the plans coming into effect, a preliminary agreement will be signed, with the payment of a 10% deposit.<\/p><p data-start=\"866\" data-end=\"998\"><strong data-start=\"866\" data-end=\"893\">3. Implementation Phase<\/strong><br data-start=\"893\" data-end=\"896\" \/>The further purchase price installments will be paid in stages, adjusted to the construction completion levels.<\/p><p data-start=\"1000\" data-end=\"1185\"><strong data-start=\"1000\" data-end=\"1063\">4. Handover ready for use \/ optional turnkey completion<\/strong><br data-start=\"1063\" data-end=\"1066\" \/>The apartments will be handed over in a shell-ready condition. If desired, a turnkey completion can also be requested under a separate contract.<\/p>\t\t\t\t\t\t\t\t<\/div>\n\t\t<div class=\"elementor-element elementor-element-8661f24 e-con-full e-flex e-con e-child\" data-id=\"8661f24\" data-element_type=\"container\" data-e-type=\"container\" data-settings=\"{&quot;background_background&quot;:&quot;classic&quot;}\">\n\t\t\t\t<div class=\"elementor-element elementor-element-87a006e elementor-widget elementor-widget-heading\" data-id=\"87a006e\" data-element_type=\"widget\" data-e-type=\"widget\" data-widget_type=\"heading.default\">\n\t\t\t\t\t<h3 class=\"elementor-heading-title elementor-size-default\">Legal Information and Fees<\/h3>\t\t\t\t<\/div>\n\t\t\t\t<div class=\"elementor-element elementor-element-ca21b44 elementor-widget elementor-widget-text-editor\" data-id=\"ca21b44\" data-element_type=\"widget\" data-e-type=\"widget\" data-widget_type=\"text-editor.default\">\n\t\t\t\t\t\t\t\t\t<p data-start=\"651\" data-end=\"901\">Before the building's roof structure is completed, properties are sold through a construction contract, which is exempt from stamp duty.<br data-start=\"790\" data-end=\"793\" \/>After the roof is completed, the apartments are sold as property acquisition tax-burdened sales.<\/p><p data-start=\"903\" data-end=\"1008\">The lawyer's fee for the sale and purchase is approximately 0.75%of the total purchase price, based on a personal offer.<\/p>\t\t\t\t\t\t\t\t<\/div>\n\t\t\t\t<\/div>\n\t\t\t\t\t<\/div>\n\t\t\t\t<\/div>\n\t\t<div class=\"elementor-element elementor-element-23bf942 e-flex e-con-boxed e-con e-parent\" data-id=\"23bf942\" data-element_type=\"container\" data-e-type=\"container\" data-settings=\"{&quot;background_background&quot;:&quot;classic&quot;}\">\n\t\t\t\t\t<div class=\"e-con-inner\">\n\t\t\t\t<div class=\"elementor-element elementor-element-baf962f elementor-widget elementor-widget-heading\" data-id=\"baf962f\" data-element_type=\"widget\" data-e-type=\"widget\" data-widget_type=\"heading.default\">\n\t\t\t\t\t<h3 class=\"elementor-heading-title elementor-size-default\">Current apartment listings and prices<\/h3>\t\t\t\t<\/div>\n\t\t\t\t<div class=\"elementor-element elementor-element-7740e18 elementor-widget elementor-widget-text-editor\" data-id=\"7740e18\" data-element_type=\"widget\" data-e-type=\"widget\" data-widget_type=\"text-editor.default\">\n\t\t\t\t\t\t\t\t\t<p>The complete apartment list includes current availability, shell and turnkey prices, and sales status.<\/p>\t\t\t\t\t\t\t\t<\/div>\n\t\t\t\t<div class=\"elementor-element elementor-element-7e29acb elementor-align-center elementor-widget elementor-widget-button\" data-id=\"7e29acb\" data-element_type=\"widget\" data-e-type=\"widget\" data-widget_type=\"button.default\">\n\t\t\t\t\t\t\t\t\t\t<a class=\"elementor-button elementor-button-link elementor-size-sm\" href=\"https:\/\/makonapfenyresidence.hu\/wp-content\/uploads\/2026\/03\/Mako_Napfeny_Residencia_46_lakas_Ertekesitesi-statuszl-1.pdf\" target=\"_blank\">\n\t\t\t\t\t\t<span class=\"elementor-button-content-wrapper\">\n\t\t\t\t\t\t\t\t\t<span class=\"elementor-button-text\">Download housing list (PDF)<\/span>\n\t\t\t\t\t<\/span>\n\t\t\t\t\t<\/a>\n\t\t\t\t\t\t\t\t<\/div>\n\t\t\t\t\t<\/div>\n\t\t\t\t<\/div>\n\t\t\t\t<\/div>","protected":false},"excerpt":{"rendered":"<p>Mak\u00f3 Napf\u00e9ny Residence \u2013 \u00faj lak\u00e1s, saj\u00e1t otthon Mak\u00f3 k\u00f6zpontj\u00e1ban \u00daj lak\u00e1s Mak\u00f3n saj\u00e1t r\u00e9szre. Modern, energiahat\u00e9kony lak\u00e1sok 33\u2013100 m\u00b2 k\u00f6z\u00f6tt, korszer\u0171 h\u0151szivatty\u00fas f\u0171t\u00e9ssel \u00e9s h\u0171t\u00e9ssel. Egyes lak\u00e1sokn\u00e1l erk\u00e9ly vagy loggia is el\u00e9rhet\u0151. Szeretn\u00e9k aj\u00e1nlatot k\u00e9rni egy lak\u00e1sra M\u0171szaki tartalom \u00e9s kialak\u00edt\u00e1s Massz\u00edv szerkezet 45 cm-es Viablokk falazat, monolit vasbeton f\u00f6d\u00e9mek \u00e9s korszer\u0171 hangszigetel\u00e9s biztos\u00edtja [&hellip;]<\/p>\n","protected":false},"author":1,"featured_media":616,"parent":0,"menu_order":0,"comment_status":"closed","ping_status":"closed","template":"elementor_header_footer","meta":{"footnotes":""},"class_list":["post-4928","page","type-page","status-publish","has-post-thumbnail","hentry"],"_links":{"self":[{"href":"https:\/\/makonapfenyresidence.hu\/en\/wp-json\/wp\/v2\/pages\/4928","targetHints":{"allow":["GET"]}}],"collection":[{"href":"https:\/\/makonapfenyresidence.hu\/en\/wp-json\/wp\/v2\/pages"}],"about":[{"href":"https:\/\/makonapfenyresidence.hu\/en\/wp-json\/wp\/v2\/types\/page"}],"author":[{"embeddable":true,"href":"https:\/\/makonapfenyresidence.hu\/en\/wp-json\/wp\/v2\/users\/1"}],"replies":[{"embeddable":true,"href":"https:\/\/makonapfenyresidence.hu\/en\/wp-json\/wp\/v2\/comments?post=4928"}],"version-history":[{"count":23,"href":"https:\/\/makonapfenyresidence.hu\/en\/wp-json\/wp\/v2\/pages\/4928\/revisions"}],"predecessor-version":[{"id":5150,"href":"https:\/\/makonapfenyresidence.hu\/en\/wp-json\/wp\/v2\/pages\/4928\/revisions\/5150"}],"wp:featuredmedia":[{"embeddable":true,"href":"https:\/\/makonapfenyresidence.hu\/en\/wp-json\/wp\/v2\/media\/616"}],"wp:attachment":[{"href":"https:\/\/makonapfenyresidence.hu\/en\/wp-json\/wp\/v2\/media?parent=4928"}],"curies":[{"name":"wp","href":"https:\/\/api.w.org\/{rel}","templated":true}]}}