{"id":4928,"date":"2026-02-26T10:57:28","date_gmt":"2026-02-26T09:57:28","guid":{"rendered":"https:\/\/makonapfenyresidence.hu\/?page_id=4928"},"modified":"2026-03-05T17:25:44","modified_gmt":"2026-03-05T16:25:44","slug":"sajat-otthon","status":"publish","type":"page","link":"https:\/\/makonapfenyresidence.hu\/hu\/sajat-otthon\/","title":{"rendered":"Saj\u00e1t otthon"},"content":{"rendered":"\t\t<div data-elementor-type=\"wp-page\" data-elementor-id=\"4928\" class=\"elementor elementor-4928\" data-elementor-post-type=\"page\">\n\t\t\t\t<div class=\"elementor-element elementor-element-266fa33 e-flex e-con-boxed e-con e-parent\" data-id=\"266fa33\" data-element_type=\"container\" data-e-type=\"container\" data-settings=\"{&quot;background_background&quot;:&quot;classic&quot;}\">\n\t\t\t\t\t<div class=\"e-con-inner\">\n\t\t<div class=\"elementor-element elementor-element-9895c02 e-con-full e-flex e-con e-child\" data-id=\"9895c02\" data-element_type=\"container\" data-e-type=\"container\" data-settings=\"{&quot;background_background&quot;:&quot;classic&quot;}\">\n\t\t\t\t<div class=\"elementor-element elementor-element-dcc569c elementor-widget elementor-widget-heading\" data-id=\"dcc569c\" data-element_type=\"widget\" data-e-type=\"widget\" data-widget_type=\"heading.default\">\n\t\t\t\t\t<h1 class=\"elementor-heading-title elementor-size-default\">Mak\u00f3 Napf\u00e9ny Residence \u2013 \u00faj lak\u00e1s, saj\u00e1t otthon Mak\u00f3 k\u00f6zpontj\u00e1ban<\/h1>\t\t\t\t<\/div>\n\t\t\t\t<div class=\"elementor-element elementor-element-e237626 elementor-widget elementor-widget-text-editor\" data-id=\"e237626\" data-element_type=\"widget\" data-e-type=\"widget\" data-widget_type=\"text-editor.default\">\n\t\t\t\t\t\t\t\t\t<p>\u00daj lak\u00e1s Mak\u00f3n saj\u00e1t r\u00e9szre. Modern, energiahat\u00e9kony lak\u00e1sok 33\u2013100 m\u00b2 k\u00f6z\u00f6tt, korszer\u0171 h\u0151szivatty\u00fas f\u0171t\u00e9ssel \u00e9s h\u0171t\u00e9ssel. Egyes lak\u00e1sokn\u00e1l erk\u00e9ly vagy loggia is el\u00e9rhet\u0151.<\/p>\t\t\t\t\t\t\t\t<\/div>\n\t\t\t\t<div class=\"elementor-element elementor-element-db2ab8b elementor-align-center elementor-widget elementor-widget-button\" data-id=\"db2ab8b\" data-element_type=\"widget\" data-e-type=\"widget\" data-widget_type=\"button.default\">\n\t\t\t\t\t\t\t\t\t\t<a class=\"elementor-button elementor-button-link elementor-size-sm\" href=\"https:\/\/makonapfenyresidence.hu\/#urlap\" target=\"_blank\">\n\t\t\t\t\t\t<span class=\"elementor-button-content-wrapper\">\n\t\t\t\t\t\t\t\t\t<span class=\"elementor-button-text\">Szeretn\u00e9k aj\u00e1nlatot k\u00e9rni egy lak\u00e1sra<\/span>\n\t\t\t\t\t<\/span>\n\t\t\t\t\t<\/a>\n\t\t\t\t\t\t\t\t<\/div>\n\t\t\t\t<\/div>\n\t\t\t\t\t<\/div>\n\t\t\t\t<\/div>\n\t\t<div class=\"elementor-element elementor-element-58d0960 e-flex e-con-boxed e-con e-parent\" data-id=\"58d0960\" data-element_type=\"container\" data-e-type=\"container\">\n\t\t\t\t\t<div class=\"e-con-inner\">\n\t\t\t\t<div class=\"elementor-element elementor-element-e85ebdd elementor-widget elementor-widget-heading\" data-id=\"e85ebdd\" data-element_type=\"widget\" data-e-type=\"widget\" data-widget_type=\"heading.default\">\n\t\t\t\t\t<h2 class=\"elementor-heading-title elementor-size-default\">M\u0171szaki tartalom \u00e9s kialak\u00edt\u00e1s<\/h2>\t\t\t\t<\/div>\n\t\t<div class=\"elementor-element elementor-element-9bfd18a e-con-full e-flex e-con e-child\" data-id=\"9bfd18a\" data-element_type=\"container\" data-e-type=\"container\">\n\t\t<div class=\"elementor-element elementor-element-104ff02 e-con-full e-flex e-con e-child\" data-id=\"104ff02\" data-element_type=\"container\" data-e-type=\"container\" data-settings=\"{&quot;background_background&quot;:&quot;classic&quot;}\">\n\t\t\t\t<div class=\"elementor-element elementor-element-86047e5 elementor-widget elementor-widget-heading\" data-id=\"86047e5\" data-element_type=\"widget\" data-e-type=\"widget\" data-widget_type=\"heading.default\">\n\t\t\t\t\t<h3 class=\"elementor-heading-title elementor-size-default\">Massz\u00edv szerkezet<\/h3>\t\t\t\t<\/div>\n\t\t\t\t<div class=\"elementor-element elementor-element-efede9d elementor-widget elementor-widget-text-editor\" data-id=\"efede9d\" data-element_type=\"widget\" data-e-type=\"widget\" data-widget_type=\"text-editor.default\">\n\t\t\t\t\t\t\t\t\t<p>45 cm-es Viablokk falazat, monolit vasbeton f\u00f6d\u00e9mek \u00e9s korszer\u0171 hangszigetel\u00e9s biztos\u00edtja a stabil, id\u0151t\u00e1ll\u00f3 szerkezetet \u00e9s a megfelel\u0151 hangg\u00e1tl\u00e1st a lak\u00e1sok k\u00f6z\u00f6tt.<\/p>\t\t\t\t\t\t\t\t<\/div>\n\t\t\t\t<\/div>\n\t\t<div class=\"elementor-element elementor-element-a34e763 e-con-full e-flex e-con e-child\" data-id=\"a34e763\" data-element_type=\"container\" data-e-type=\"container\">\n\t\t\t\t<div class=\"elementor-element elementor-element-aaaab5e elementor-widget elementor-widget-heading\" data-id=\"aaaab5e\" data-element_type=\"widget\" data-e-type=\"widget\" data-widget_type=\"heading.default\">\n\t\t\t\t\t<h3 class=\"elementor-heading-title elementor-size-default\">Modern g\u00e9p\u00e9szet<\/h3>\t\t\t\t<\/div>\n\t\t\t\t<div class=\"elementor-element elementor-element-8f92763 elementor-widget elementor-widget-text-editor\" data-id=\"8f92763\" data-element_type=\"widget\" data-e-type=\"widget\" data-widget_type=\"text-editor.default\">\n\t\t\t\t\t\t\t\t\t<p>Leveg\u0151\u2013v\u00edz h\u0151szivatty\u00fas rendszer, padl\u00f3f\u0171t\u00e9ssel \u00e9s helyis\u00e9genk\u00e9nt szab\u00e1lyozhat\u00f3 fan-coil h\u0171t\u00e9ssel. H\u0151szivatty\u00fas melegv\u00edz ell\u00e1t\u00e1s. Energiahat\u00e9kony m\u0171k\u00f6d\u00e9s, alacsony fenntart\u00e1si k\u00f6lts\u00e9gek \u00e9s eg\u00e9sz \u00e9ves komfort.<\/p>\t\t\t\t\t\t\t\t<\/div>\n\t\t\t\t<\/div>\n\t\t<div class=\"elementor-element elementor-element-639a094 e-con-full e-flex e-con e-child\" data-id=\"639a094\" data-element_type=\"container\" data-e-type=\"container\">\n\t\t\t\t<div class=\"elementor-element elementor-element-bbd5004 elementor-widget elementor-widget-heading\" data-id=\"bbd5004\" data-element_type=\"widget\" data-e-type=\"widget\" data-widget_type=\"heading.default\">\n\t\t\t\t\t<h3 class=\"elementor-heading-title elementor-size-default\">Szerkezetk\u00e9sz alap, v\u00e1laszthat\u00f3 kulcsrak\u00e9sz befejez\u00e9ssel<\/h3>\t\t\t\t<\/div>\n\t\t\t\t<div class=\"elementor-element elementor-element-53ae8ae elementor-widget elementor-widget-text-editor\" data-id=\"53ae8ae\" data-element_type=\"widget\" data-e-type=\"widget\" data-widget_type=\"text-editor.default\">\n\t\t\t\t\t\t\t\t\t<p>A szerz\u0151d\u00e9s els\u0151dlegesen szerkezetk\u00e9sz \u00e1llapotra sz\u00f3l. Ig\u00e9ny eset\u00e9n k\u00fcl\u00f6n meg\u00e1llapod\u00e1ssal kulcsrak\u00e9sz befejez\u00e9s is k\u00e9rhet\u0151. \u00cdgy a vev\u0151 d\u00f6nthet a saj\u00e1t kivitelez\u00e9sr\u0151l vagy a teljes befejez\u00e9s megrendel\u00e9s\u00e9r\u0151l.<\/p>\t\t\t\t\t\t\t\t<\/div>\n\t\t\t\t<\/div>\n\t\t\t\t<\/div>\n\t\t\t\t\t<\/div>\n\t\t\t\t<\/div>\n\t\t<div class=\"elementor-element elementor-element-d3efa44 e-flex e-con-boxed e-con e-parent\" data-id=\"d3efa44\" data-element_type=\"container\" data-e-type=\"container\" data-settings=\"{&quot;background_background&quot;:&quot;classic&quot;}\">\n\t\t\t\t\t<div class=\"e-con-inner\">\n\t\t\t\t<div class=\"elementor-element elementor-element-5dc0c25 elementor-widget elementor-widget-heading\" data-id=\"5dc0c25\" data-element_type=\"widget\" data-e-type=\"widget\" data-widget_type=\"heading.default\">\n\t\t\t\t\t<h2 class=\"elementor-heading-title elementor-size-default\">Fizet\u00e9si \u00fctemez\u00e9s \u2013 szerkezetk\u00e9sz \u00e1llapotra<\/h2>\t\t\t\t<\/div>\n\t\t\t\t<div class=\"elementor-element elementor-element-226bfb9 elementor-widget elementor-widget-text-editor\" data-id=\"226bfb9\" data-element_type=\"widget\" data-e-type=\"widget\" data-widget_type=\"text-editor.default\">\n\t\t\t\t\t\t\t\t\t<ul><li>10% foglal\u00f3 szerz\u0151d\u00e9sk\u00f6t\u00e9skor<\/li><li>20% v\u00e9tel\u00e1rr\u00e9szlet a szerz\u0151d\u00e9s al\u00e1\u00edr\u00e1s\u00e1t k\u00f6vet\u0151en<\/li><li>10% alapoz\u00e1s elk\u00e9sz\u00fcltekor<\/li><li>10% els\u0151 emelet feletti f\u00f6d\u00e9m elk\u00e9sz\u00fcltekor<\/li><li>10% m\u00e1sodik emelet feletti f\u00f6d\u00e9m elk\u00e9sz\u00fcltekor<\/li><li>10% tet\u0151szerkezet elk\u00e9sz\u00fcltekor<\/li><li>15% bels\u0151 vakol\u00e1s elk\u00e9sz\u00fcltekor<\/li><li>10% homlokzat elk\u00e9sz\u00fcltekor<\/li><li>5% szerkezetk\u00e9sz \u00e1llapot el\u00e9r\u00e9sekor<\/li><\/ul>\t\t\t\t\t\t\t\t<\/div>\n\t\t<div class=\"elementor-element elementor-element-5436d88 e-con-full e-flex e-con e-child\" data-id=\"5436d88\" data-element_type=\"container\" data-e-type=\"container\" data-settings=\"{&quot;background_background&quot;:&quot;classic&quot;}\">\n\t\t\t\t<div class=\"elementor-element elementor-element-cfb2b1f elementor-widget elementor-widget-heading\" data-id=\"cfb2b1f\" data-element_type=\"widget\" data-e-type=\"widget\" data-widget_type=\"heading.default\">\n\t\t\t\t\t<h3 class=\"elementor-heading-title elementor-size-default\">Kulcsrak\u00e9sz befejez\u00e9s lehet\u0151s\u00e9ge<\/h3>\t\t\t\t<\/div>\n\t\t\t\t<\/div>\n\t\t\t\t<div class=\"elementor-element elementor-element-e2d7d66 elementor-widget elementor-widget-text-editor\" data-id=\"e2d7d66\" data-element_type=\"widget\" data-e-type=\"widget\" data-widget_type=\"text-editor.default\">\n\t\t\t\t\t\t\t\t\t<p>A szerkezetk\u00e9sz \u00e1llapot teljes kiegyenl\u00edt\u00e9se ut\u00e1n k\u00fcl\u00f6n szerz\u0151d\u00e9ssel kulcsrak\u00e9sz befejez\u00e9s is k\u00e9rhet\u0151.<br data-start=\"598\" data-end=\"601\" \/>A kulcsrak\u00e9sz kivitel fizet\u00e9si \u00fctemez\u00e9se:<\/p><ul><li>50% szerz\u0151d\u00e9sk\u00f6t\u00e9skor<\/li><li>40% bels\u0151 befejez\u0151 munk\u00e1k ut\u00e1n<\/li><li>10% birtokbaad\u00e1skor<\/li><\/ul>\t\t\t\t\t\t\t\t<\/div>\n\t\t\t\t\t<\/div>\n\t\t\t\t<\/div>\n\t\t<div class=\"elementor-element elementor-element-5b32aa2 e-flex e-con-boxed e-con e-parent\" data-id=\"5b32aa2\" data-element_type=\"container\" data-e-type=\"container\">\n\t\t\t\t\t<div class=\"e-con-inner\">\n\t\t\t\t<div class=\"elementor-element elementor-element-2c2c2f0 elementor-widget elementor-widget-heading\" data-id=\"2c2c2f0\" data-element_type=\"widget\" data-e-type=\"widget\" data-widget_type=\"heading.default\">\n\t\t\t\t\t<h2 class=\"elementor-heading-title elementor-size-default\">Kivitelez\u00e9si \u00fctemez\u00e9s<\/h2>\t\t\t\t<\/div>\n\t\t\t\t<div class=\"elementor-element elementor-element-607467b elementor-widget elementor-widget-text-editor\" data-id=\"607467b\" data-element_type=\"widget\" data-e-type=\"widget\" data-widget_type=\"text-editor.default\">\n\t\t\t\t\t\t\t\t\t<p><strong data-start=\"328\" data-end=\"351\">2026 \u00e1prilis\u2013m\u00e1jus:<\/strong> kivitelez\u00e9s indul\u00e1sa &#8211; tervezett<br data-start=\"372\" data-end=\"375\" \/><strong data-start=\"375\" data-end=\"389\">2026\u20132027:<\/strong> szerkezet\u00e9p\u00edt\u00e9s, g\u00e9p\u00e9szeti \u00e9s elektromos alapszerel\u00e9sek<br data-start=\"445\" data-end=\"448\" \/><strong data-start=\"448\" data-end=\"462\">2027\u20132028:<\/strong> homlokzati munk\u00e1k, bels\u0151 szakipari munk\u00e1k<br data-start=\"504\" data-end=\"507\" \/><strong data-start=\"507\" data-end=\"516\">2028:<\/strong> m\u0171szaki \u00e1tad\u00e1s, birtokbaad\u00e1s<\/p>\t\t\t\t\t\t\t\t<\/div>\n\t\t\t\t\t<\/div>\n\t\t\t\t<\/div>\n\t\t<div class=\"elementor-element elementor-element-9004612 e-flex e-con-boxed e-con e-parent\" data-id=\"9004612\" data-element_type=\"container\" data-e-type=\"container\" data-settings=\"{&quot;background_background&quot;:&quot;classic&quot;}\">\n\t\t\t\t\t<div class=\"e-con-inner\">\n\t\t\t\t<div class=\"elementor-element elementor-element-b463079 elementor-widget elementor-widget-heading\" data-id=\"b463079\" data-element_type=\"widget\" data-e-type=\"widget\" data-widget_type=\"heading.default\">\n\t\t\t\t\t<h2 class=\"elementor-heading-title elementor-size-default\">Hogyan tud lak\u00e1st v\u00e1s\u00e1rolni?<\/h2>\t\t\t\t<\/div>\n\t\t\t\t<div class=\"elementor-element elementor-element-37921ab elementor-widget elementor-widget-text-editor\" data-id=\"37921ab\" data-element_type=\"widget\" data-e-type=\"widget\" data-widget_type=\"text-editor.default\">\n\t\t\t\t\t\t\t\t\t<p data-start=\"599\" data-end=\"737\"><strong data-start=\"599\" data-end=\"631\">1. V\u00e9teli sz\u00e1nd\u00e9knyilatkozat<\/strong><br data-start=\"631\" data-end=\"634\" \/>A projekt jelenlegi szakasz\u00e1ban a lak\u00e1sok v\u00e9teli sz\u00e1nd\u00e9knyilatkozattal foglalhat\u00f3k, \u00e1rgarancia mellett.<\/p><p data-start=\"739\" data-end=\"864\"><strong data-start=\"739\" data-end=\"768\">2. El\u0151szerz\u0151d\u00e9s megk\u00f6t\u00e9se<\/strong><br data-start=\"768\" data-end=\"771\" \/>A tervek joger\u0151re emel\u00e9s\u00e9t k\u00f6vet\u0151en el\u0151szerz\u0151d\u00e9s ker\u00fcl al\u00e1\u00edr\u00e1sra, 10% foglal\u00f3 megfizet\u00e9s\u00e9vel.<\/p><p data-start=\"866\" data-end=\"998\"><strong data-start=\"866\" data-end=\"893\">3. Kivitelez\u00e9si szakasz<\/strong><br data-start=\"893\" data-end=\"896\" \/>A tov\u00e1bbi v\u00e9tel\u00e1rr\u00e9szek az \u00e9p\u00edt\u00e9si k\u00e9sz\u00fclts\u00e9gi szintekhez igazodva, \u00fctemezetten ker\u00fclnek megfizet\u00e9sre.<\/p><p data-start=\"1000\" data-end=\"1185\"><strong data-start=\"1000\" data-end=\"1063\">4. Szerkezetk\u00e9sz \u00e1tad\u00e1s \/ v\u00e1laszthat\u00f3 kulcsrak\u00e9sz befejez\u00e9s<\/strong><br data-start=\"1063\" data-end=\"1066\" \/>A lak\u00e1sok szerkezetk\u00e9sz \u00e1llapotban ker\u00fclnek \u00e1tad\u00e1sra. Ig\u00e9ny eset\u00e9n k\u00fcl\u00f6n szerz\u0151d\u00e9ssel kulcsrak\u00e9sz befejez\u00e9s is k\u00e9rhet\u0151.<\/p>\t\t\t\t\t\t\t\t<\/div>\n\t\t<div class=\"elementor-element elementor-element-8661f24 e-con-full e-flex e-con e-child\" data-id=\"8661f24\" data-element_type=\"container\" data-e-type=\"container\" data-settings=\"{&quot;background_background&quot;:&quot;classic&quot;}\">\n\t\t\t\t<div class=\"elementor-element elementor-element-87a006e elementor-widget elementor-widget-heading\" data-id=\"87a006e\" data-element_type=\"widget\" data-e-type=\"widget\" data-widget_type=\"heading.default\">\n\t\t\t\t\t<h3 class=\"elementor-heading-title elementor-size-default\">Jogi tudnival\u00f3k \u00e9s illet\u00e9k<\/h3>\t\t\t\t<\/div>\n\t\t\t\t<div class=\"elementor-element elementor-element-ca21b44 elementor-widget elementor-widget-text-editor\" data-id=\"ca21b44\" data-element_type=\"widget\" data-e-type=\"widget\" data-widget_type=\"text-editor.default\">\n\t\t\t\t\t\t\t\t\t<p data-start=\"651\" data-end=\"901\">Az \u00e9p\u00fclet tet\u0151szerkezet\u00e9nek elk\u00e9sz\u00fclte el\u0151tt az ingatlanok \u00e9p\u00edt\u00e9si v\u00e1llalkoz\u00f3i szerz\u0151d\u00e9s \u00fatj\u00e1n ker\u00fclnek \u00e9rt\u00e9kes\u00edt\u00e9sre, amely illet\u00e9kmentes.<br data-start=\"790\" data-end=\"793\" \/>A tet\u0151 elk\u00e9sz\u00fclte ut\u00e1n a lak\u00e1sok m\u00e1r vagyonszerz\u00e9si illet\u00e9kkel terhelt ad\u00e1sv\u00e9telk\u00e9nt ker\u00fclnek \u00e9rt\u00e9kes\u00edt\u00e9sre.<\/p><p data-start=\"903\" data-end=\"1008\">Az ad\u00e1sv\u00e9tellel kapcsolatos \u00fcgyv\u00e9di munkad\u00edj a teljes v\u00e9tel\u00e1r k\u00f6r\u00fclbel\u00fcl 0,75%-a, egyedi aj\u00e1nlat alapj\u00e1n.<\/p>\t\t\t\t\t\t\t\t<\/div>\n\t\t\t\t<\/div>\n\t\t\t\t\t<\/div>\n\t\t\t\t<\/div>\n\t\t<div class=\"elementor-element elementor-element-23bf942 e-flex e-con-boxed e-con e-parent\" data-id=\"23bf942\" data-element_type=\"container\" data-e-type=\"container\" data-settings=\"{&quot;background_background&quot;:&quot;classic&quot;}\">\n\t\t\t\t\t<div class=\"e-con-inner\">\n\t\t\t\t<div class=\"elementor-element elementor-element-baf962f elementor-widget elementor-widget-heading\" data-id=\"baf962f\" data-element_type=\"widget\" data-e-type=\"widget\" data-widget_type=\"heading.default\">\n\t\t\t\t\t<h3 class=\"elementor-heading-title elementor-size-default\">Aktu\u00e1lis lak\u00e1slista \u00e9s \u00e1rak<\/h3>\t\t\t\t<\/div>\n\t\t\t\t<div class=\"elementor-element elementor-element-7740e18 elementor-widget elementor-widget-text-editor\" data-id=\"7740e18\" data-element_type=\"widget\" data-e-type=\"widget\" data-widget_type=\"text-editor.default\">\n\t\t\t\t\t\t\t\t\t<p>A teljes lak\u00e1slista tartalmazza az aktu\u00e1lis el\u00e9rhet\u0151s\u00e9get, a szerkezetk\u00e9sz \u00e9s kulcsrak\u00e9sz \u00e1rakat, valamint az \u00e9rt\u00e9kes\u00edt\u00e9si st\u00e1tuszt.<\/p>\t\t\t\t\t\t\t\t<\/div>\n\t\t\t\t<div class=\"elementor-element elementor-element-7e29acb elementor-align-center elementor-widget elementor-widget-button\" data-id=\"7e29acb\" data-element_type=\"widget\" data-e-type=\"widget\" data-widget_type=\"button.default\">\n\t\t\t\t\t\t\t\t\t\t<a class=\"elementor-button elementor-button-link elementor-size-sm\" href=\"https:\/\/makonapfenyresidence.hu\/wp-content\/uploads\/2026\/03\/Mako_Napfeny_Residencia_46_lakas_Ertekesitesi-statuszl-1.pdf\" target=\"_blank\">\n\t\t\t\t\t\t<span class=\"elementor-button-content-wrapper\">\n\t\t\t\t\t\t\t\t\t<span class=\"elementor-button-text\">Lak\u00e1slista let\u00f6lt\u00e9se (PDF)<\/span>\n\t\t\t\t\t<\/span>\n\t\t\t\t\t<\/a>\n\t\t\t\t\t\t\t\t<\/div>\n\t\t\t\t\t<\/div>\n\t\t\t\t<\/div>\n\t\t\t\t<\/div>\n\t\t","protected":false},"excerpt":{"rendered":"<p>Mak\u00f3 Napf\u00e9ny Residence \u2013 \u00faj lak\u00e1s, saj\u00e1t otthon Mak\u00f3 k\u00f6zpontj\u00e1ban \u00daj lak\u00e1s Mak\u00f3n saj\u00e1t r\u00e9szre. Modern, energiahat\u00e9kony lak\u00e1sok 33\u2013100 m\u00b2 k\u00f6z\u00f6tt, korszer\u0171 h\u0151szivatty\u00fas f\u0171t\u00e9ssel \u00e9s h\u0171t\u00e9ssel. Egyes lak\u00e1sokn\u00e1l erk\u00e9ly vagy loggia is el\u00e9rhet\u0151. Szeretn\u00e9k aj\u00e1nlatot k\u00e9rni egy lak\u00e1sra M\u0171szaki tartalom \u00e9s kialak\u00edt\u00e1s Massz\u00edv szerkezet 45 cm-es Viablokk falazat, monolit vasbeton f\u00f6d\u00e9mek \u00e9s korszer\u0171 hangszigetel\u00e9s biztos\u00edtja [&hellip;]<\/p>\n","protected":false},"author":1,"featured_media":616,"parent":0,"menu_order":0,"comment_status":"closed","ping_status":"closed","template":"elementor_header_footer","meta":{"footnotes":""},"class_list":["post-4928","page","type-page","status-publish","has-post-thumbnail","hentry"],"_links":{"self":[{"href":"https:\/\/makonapfenyresidence.hu\/hu\/wp-json\/wp\/v2\/pages\/4928","targetHints":{"allow":["GET"]}}],"collection":[{"href":"https:\/\/makonapfenyresidence.hu\/hu\/wp-json\/wp\/v2\/pages"}],"about":[{"href":"https:\/\/makonapfenyresidence.hu\/hu\/wp-json\/wp\/v2\/types\/page"}],"author":[{"embeddable":true,"href":"https:\/\/makonapfenyresidence.hu\/hu\/wp-json\/wp\/v2\/users\/1"}],"replies":[{"embeddable":true,"href":"https:\/\/makonapfenyresidence.hu\/hu\/wp-json\/wp\/v2\/comments?post=4928"}],"version-history":[{"count":23,"href":"https:\/\/makonapfenyresidence.hu\/hu\/wp-json\/wp\/v2\/pages\/4928\/revisions"}],"predecessor-version":[{"id":5150,"href":"https:\/\/makonapfenyresidence.hu\/hu\/wp-json\/wp\/v2\/pages\/4928\/revisions\/5150"}],"wp:featuredmedia":[{"embeddable":true,"href":"https:\/\/makonapfenyresidence.hu\/hu\/wp-json\/wp\/v2\/media\/616"}],"wp:attachment":[{"href":"https:\/\/makonapfenyresidence.hu\/hu\/wp-json\/wp\/v2\/media?parent=4928"}],"curies":[{"name":"wp","href":"https:\/\/api.w.org\/{rel}","templated":true}]}}