{"id":4934,"date":"2026-02-26T10:58:36","date_gmt":"2026-02-26T09:58:36","guid":{"rendered":"https:\/\/makonapfenyresidence.hu\/?page_id=4934"},"modified":"2026-03-04T17:33:56","modified_gmt":"2026-03-04T16:33:56","slug":"kapcsolat","status":"publish","type":"page","link":"https:\/\/makonapfenyresidence.hu\/hu\/kapcsolat\/","title":{"rendered":"Kapcsolat"},"content":{"rendered":"\t\t<div data-elementor-type=\"wp-page\" data-elementor-id=\"4934\" class=\"elementor elementor-4934\" data-elementor-post-type=\"page\">\n\t\t\t\t<div class=\"elementor-element elementor-element-08cb8c8 e-flex e-con-boxed e-con e-parent\" data-id=\"08cb8c8\" data-element_type=\"container\" data-e-type=\"container\" id=\"kapcsolat\">\n\t\t\t\t\t<div class=\"e-con-inner\">\n\t\t\t\t<div class=\"elementor-element elementor-element-5301fb2 elementor-widget elementor-widget-text-editor\" data-id=\"5301fb2\" data-element_type=\"widget\" data-e-type=\"widget\" data-widget_type=\"text-editor.default\">\n\t\t\t\t\t\t\t\t\t<p>V\u00e1laszid\u0151 munkanapokon 24 \u00f3r\u00e1n bel\u00fcl.<br data-start=\"298\" data-end=\"301\" \/>Szem\u00e9lyes egyeztet\u00e9s id\u0151pont alapj\u00e1n.<\/p>\t\t\t\t\t\t\t\t<\/div>\n\t\t\t\t<div class=\"elementor-element elementor-element-05c6c34 elementor-widget elementor-widget-heading\" data-id=\"05c6c34\" data-element_type=\"widget\" data-e-type=\"widget\" data-widget_type=\"heading.default\">\n\t\t\t\t\t<h2 class=\"elementor-heading-title elementor-size-default\">K\u00e9rjen r\u00e9szletes t\u00e1j\u00e9koztat\u00f3t<\/h2>\t\t\t\t<\/div>\n\t\t\t\t<div class=\"elementor-element elementor-element-072b042 elementor-button-align-stretch elementor-widget elementor-widget-form\" data-id=\"072b042\" data-element_type=\"widget\" data-e-type=\"widget\" data-settings=\"{&quot;step_next_label&quot;:&quot;K\\u00f6vetkez\\u0151&quot;,&quot;step_previous_label&quot;:&quot;El\\u0151z\\u0151&quot;,&quot;button_width&quot;:&quot;100&quot;,&quot;step_type&quot;:&quot;number_text&quot;,&quot;step_icon_shape&quot;:&quot;circle&quot;}\" data-widget_type=\"form.default\">\n\t\t\t\t\t\t\t<form class=\"elementor-form\" method=\"post\" name=\"\u00daj \u0171rlap\" aria-label=\"\u00daj \u0171rlap\">\n\t\t\t<input type=\"hidden\" name=\"post_id\" value=\"4934\"\/>\n\t\t\t<input type=\"hidden\" name=\"form_id\" value=\"072b042\"\/>\n\t\t\t<input type=\"hidden\" name=\"referer_title\" value=\"\" \/>\n\n\t\t\t\n\t\t\t<div class=\"elementor-form-fields-wrapper elementor-labels-above\">\n\t\t\t\t\t\t\t\t<div class=\"elementor-field-type-text elementor-field-group elementor-column elementor-field-group-name elementor-col-100 elementor-field-required elementor-mark-required\">\n\t\t\t\t\t\t\t\t\t\t\t\t<label for=\"form-field-name\" class=\"elementor-field-label\">\n\t\t\t\t\t\t\t\tN\u00e9v\t\t\t\t\t\t\t<\/label>\n\t\t\t\t\t\t\t\t\t\t\t\t\t\t<input size=\"1\" type=\"text\" name=\"form_fields[name]\" id=\"form-field-name\" class=\"elementor-field elementor-size-sm  elementor-field-textual\" placeholder=\"Teljes N\u00e9v\" required=\"required\">\n\t\t\t\t\t\t\t\t\t\t\t<\/div>\n\t\t\t\t\t\t\t\t<div class=\"elementor-field-type-tel elementor-field-group elementor-column elementor-field-group-email elementor-col-100 elementor-field-required elementor-mark-required\">\n\t\t\t\t\t\t\t\t\t\t\t\t<label for=\"form-field-email\" class=\"elementor-field-label\">\n\t\t\t\t\t\t\t\tTelefon\t\t\t\t\t\t\t<\/label>\n\t\t\t\t\t\t\t\t<input size=\"1\" type=\"tel\" name=\"form_fields[email]\" id=\"form-field-email\" class=\"elementor-field elementor-size-sm  elementor-field-textual\" placeholder=\"+36.....\" required=\"required\" pattern=\"[0-9()#&amp;+*-=.]+\" title=\"Only numbers and phone characters (#, -, *, etc) are accepted.\">\n\n\t\t\t\t\t\t<\/div>\n\t\t\t\t\t\t\t\t<div class=\"elementor-field-type-email elementor-field-group elementor-column elementor-field-group-message elementor-col-100\">\n\t\t\t\t\t\t\t\t\t\t\t\t<label for=\"form-field-message\" class=\"elementor-field-label\">\n\t\t\t\t\t\t\t\tEmail\t\t\t\t\t\t\t<\/label>\n\t\t\t\t\t\t\t\t\t\t\t\t\t\t<input size=\"1\" type=\"email\" name=\"form_fields[message]\" id=\"form-field-message\" class=\"elementor-field elementor-size-sm  elementor-field-textual\" placeholder=\"email c\u00edm (opcion\u00e1lis)\">\n\t\t\t\t\t\t\t\t\t\t\t<\/div>\n\t\t\t\t\t\t\t\t<div class=\"elementor-field-type-radio elementor-field-group elementor-column elementor-field-group-field_b24c054 elementor-col-100\">\n\t\t\t\t\t\t\t\t\t\t\t\t<label for=\"form-field-field_b24c054\" class=\"elementor-field-label\">\n\t\t\t\t\t\t\t\tMekkora lak\u00e1s \u00e9rdekli?\t\t\t\t\t\t\t<\/label>\n\t\t\t\t\t\t<div class=\"elementor-field-subgroup  \"><span class=\"elementor-field-option\"><input type=\"radio\" value=\"30\u201340 m\u00b2\" id=\"form-field-field_b24c054-0\" name=\"form_fields[field_b24c054]\"> <label for=\"form-field-field_b24c054-0\">30\u201340 m\u00b2<\/label><\/span><span class=\"elementor-field-option\"><input type=\"radio\" value=\"40\u201350 m\u00b2\" id=\"form-field-field_b24c054-1\" name=\"form_fields[field_b24c054]\"> <label for=\"form-field-field_b24c054-1\">40\u201350 m\u00b2<\/label><\/span><span class=\"elementor-field-option\"><input type=\"radio\" value=\"50\u201360 m\u00b2\" id=\"form-field-field_b24c054-2\" name=\"form_fields[field_b24c054]\"> <label for=\"form-field-field_b24c054-2\">50\u201360 m\u00b2<\/label><\/span><span class=\"elementor-field-option\"><input type=\"radio\" value=\"60 m\u00b2 felett\" id=\"form-field-field_b24c054-3\" name=\"form_fields[field_b24c054]\"> <label for=\"form-field-field_b24c054-3\">60 m\u00b2 felett<\/label><\/span><span class=\"elementor-field-option\"><input type=\"radio\" value=\"M\u00e9g nem tudom\" id=\"form-field-field_b24c054-4\" name=\"form_fields[field_b24c054]\"> <label for=\"form-field-field_b24c054-4\">M\u00e9g nem tudom<\/label><\/span><\/div>\t\t\t\t<\/div>\n\t\t\t\t\t\t\t\t<div class=\"elementor-field-type-text elementor-field-group elementor-column elementor-field-group-field_f773aa7 elementor-col-100\">\n\t\t\t\t\t\t\t\t\t\t\t\t<label for=\"form-field-field_f773aa7\" class=\"elementor-field-label\">\n\t\t\t\t\t\t\t\t\u00dczenet\t\t\t\t\t\t\t<\/label>\n\t\t\t\t\t\t\t\t\t\t\t\t\t\t<input size=\"1\" type=\"text\" name=\"form_fields[field_f773aa7]\" id=\"form-field-field_f773aa7\" class=\"elementor-field elementor-size-sm  elementor-field-textual\" placeholder=\"\u00cdrja le r\u00f6viden, miben seg\u00edthet\u00fcnk\">\n\t\t\t\t\t\t\t\t\t\t\t<\/div>\n\t\t\t\t\t\t\t\t<div class=\"elementor-field-type-acceptance elementor-field-group elementor-column elementor-field-group-field_0368da5 elementor-col-100 elementor-field-required elementor-mark-required\">\n\t\t\t\t\t\t\t\t\t\t\t\t<label for=\"form-field-field_0368da5\" class=\"elementor-field-label\">\n\t\t\t\t\t\t\t\tElfogadom az adatkezel\u00e9si t\u00e1j\u00e9koztat\u00f3t.\t\t\t\t\t\t\t<\/label>\n\t\t\t\t\t\t\t\t<div class=\"elementor-field-subgroup\">\n\t\t\t<span class=\"elementor-field-option\">\n\t\t\t\t<input type=\"checkbox\" name=\"form_fields[field_0368da5]\" id=\"form-field-field_0368da5\" class=\"elementor-field elementor-size-sm  elementor-acceptance-field\" required=\"required\">\n\t\t\t\t<label for=\"form-field-field_0368da5\">Elfogadom az <a href=\"https:\/\/makonapfenyresidence.hu\/wp-content\/uploads\/2026\/03\/Mako_Napfeny_Residence_Adatkezelesi_Tajekoztato.pdf\" target=\"_blank\">adatkezel\u00e9si t\u00e1j\u00e9koztat\u00f3t<\/a>.<\/label>\t\t\t<\/span>\n\t\t<\/div>\n\t\t\t\t\t\t<\/div>\n\t\t\t\t\t\t\t\t<div class=\"elementor-field-group elementor-column elementor-field-type-submit elementor-col-100 e-form__buttons\">\n\t\t\t\t\t<button class=\"elementor-button elementor-size-sm\" type=\"submit\">\n\t\t\t\t\t\t<span class=\"elementor-button-content-wrapper\">\n\t\t\t\t\t\t\t\t\t\t\t\t\t\t\t\t\t\t\t\t\t\t<span class=\"elementor-button-text\">K\u00fcld\u00e9s<\/span>\n\t\t\t\t\t\t\t\t\t\t\t\t\t<\/span>\n\t\t\t\t\t<\/button>\n\t\t\t\t<\/div>\n\t\t\t<\/div>\n\t\t<\/form>\n\t\t\t\t\t\t<\/div>\n\t\t\t\t<div class=\"elementor-element elementor-element-0c36130 elementor-widget elementor-widget-heading\" data-id=\"0c36130\" data-element_type=\"widget\" data-e-type=\"widget\" data-widget_type=\"heading.default\">\n\t\t\t\t\t<h3 class=\"elementor-heading-title elementor-size-default\">Kapcsolati adatok<\/h3>\t\t\t\t<\/div>\n\t\t\t\t<div class=\"elementor-element elementor-element-2aaecec elementor-widget elementor-widget-text-editor\" data-id=\"2aaecec\" data-element_type=\"widget\" data-e-type=\"widget\" data-widget_type=\"text-editor.default\">\n\t\t\t\t\t\t\t\t\t<p>Mak\u00f3 Napf\u00e9ny Residence<br \/>K\u00f3kai Ferenc Telefon: +36 70 422 9777<br \/>Email: mako.napfeny.residence@gmail.com<br \/>Szem\u00e9lyes egyeztet\u00e9s el\u0151re egyeztetett id\u0151pontban.<\/p>\t\t\t\t\t\t\t\t<\/div>\n\t\t\t\t\t<\/div>\n\t\t\t\t<\/div>\n\t\t\t\t<\/div>\n\t\t","protected":false},"excerpt":{"rendered":"<p>V\u00e1laszid\u0151 munkanapokon 24 \u00f3r\u00e1n bel\u00fcl.Szem\u00e9lyes egyeztet\u00e9s id\u0151pont alapj\u00e1n. K\u00e9rjen r\u00e9szletes t\u00e1j\u00e9koztat\u00f3t Kapcsolati adatok Mak\u00f3 Napf\u00e9ny ResidenceK\u00f3kai Ferenc Telefon: +36 70 422 9777Email: mako.napfeny.residence@gmail.comSzem\u00e9lyes egyeztet\u00e9s el\u0151re egyeztetett id\u0151pontban.<\/p>\n","protected":false},"author":1,"featured_media":2876,"parent":0,"menu_order":0,"comment_status":"closed","ping_status":"closed","template":"","meta":{"footnotes":""},"class_list":["post-4934","page","type-page","status-publish","has-post-thumbnail","hentry"],"_links":{"self":[{"href":"https:\/\/makonapfenyresidence.hu\/hu\/wp-json\/wp\/v2\/pages\/4934","targetHints":{"allow":["GET"]}}],"collection":[{"href":"https:\/\/makonapfenyresidence.hu\/hu\/wp-json\/wp\/v2\/pages"}],"about":[{"href":"https:\/\/makonapfenyresidence.hu\/hu\/wp-json\/wp\/v2\/types\/page"}],"author":[{"embeddable":true,"href":"https:\/\/makonapfenyresidence.hu\/hu\/wp-json\/wp\/v2\/users\/1"}],"replies":[{"embeddable":true,"href":"https:\/\/makonapfenyresidence.hu\/hu\/wp-json\/wp\/v2\/comments?post=4934"}],"version-history":[{"count":20,"href":"https:\/\/makonapfenyresidence.hu\/hu\/wp-json\/wp\/v2\/pages\/4934\/revisions"}],"predecessor-version":[{"id":5125,"href":"https:\/\/makonapfenyresidence.hu\/hu\/wp-json\/wp\/v2\/pages\/4934\/revisions\/5125"}],"wp:featuredmedia":[{"embeddable":true,"href":"https:\/\/makonapfenyresidence.hu\/hu\/wp-json\/wp\/v2\/media\/2876"}],"wp:attachment":[{"href":"https:\/\/makonapfenyresidence.hu\/hu\/wp-json\/wp\/v2\/media?parent=4934"}],"curies":[{"name":"wp","href":"https:\/\/api.w.org\/{rel}","templated":true}]}}