{"id":4928,"date":"2026-02-26T10:57:28","date_gmt":"2026-02-26T09:57:28","guid":{"rendered":"https:\/\/makonapfenyresidence.hu\/?page_id=4928"},"modified":"2026-03-05T17:25:44","modified_gmt":"2026-03-05T16:25:44","slug":"sajat-acasa","status":"publish","type":"page","link":"https:\/\/makonapfenyresidence.hu\/ro\/sajat-otthon\/","title":{"rendered":"Casa dvs."},"content":{"rendered":"<div data-elementor-type=\"wp-page\" data-elementor-id=\"4928\" class=\"elementor elementor-4928\" data-elementor-post-type=\"page\">\n\t\t\t\t<div class=\"elementor-element elementor-element-266fa33 e-flex e-con-boxed e-con e-parent\" data-id=\"266fa33\" data-element_type=\"container\" data-e-type=\"container\" data-settings=\"{&quot;background_background&quot;:&quot;classic&quot;}\">\n\t\t\t\t\t<div class=\"e-con-inner\">\n\t\t<div class=\"elementor-element elementor-element-9895c02 e-con-full e-flex e-con e-child\" data-id=\"9895c02\" data-element_type=\"container\" data-e-type=\"container\" data-settings=\"{&quot;background_background&quot;:&quot;classic&quot;}\">\n\t\t\t\t<div class=\"elementor-element elementor-element-dcc569c elementor-widget elementor-widget-heading\" data-id=\"dcc569c\" data-element_type=\"widget\" data-e-type=\"widget\" data-widget_type=\"heading.default\">\n\t\t\t\t\t<h1 class=\"elementor-heading-title elementor-size-default\">Mak\u00f3 Napf\u00e9ny Residence - apartament nou, cas\u0103 proprie \u00een centrul ora\u0219ului Mak\u00f3<\/h1>\t\t\t\t<\/div>\n\t\t\t\t<div class=\"elementor-element elementor-element-e237626 elementor-widget elementor-widget-text-editor\" data-id=\"e237626\" data-element_type=\"widget\" data-e-type=\"widget\" data-widget_type=\"text-editor.default\">\n\t\t\t\t\t\t\t\t\t<p>Apartament nou \u00een Mako pentru cota proprie. Apartamente moderne, eficiente energetic, \u00eentre 33-100 m\u00b2, cu \u00eenc\u0103lzire \u0219i r\u0103cire cu pompe de c\u0103ldur\u0103 de ultim\u0103 genera\u021bie. Unele apartamente au \u0219i balcon sau loggie.<\/p>\t\t\t\t\t\t\t\t<\/div>\n\t\t\t\t<div class=\"elementor-element elementor-element-db2ab8b elementor-align-center elementor-widget elementor-widget-button\" data-id=\"db2ab8b\" data-element_type=\"widget\" data-e-type=\"widget\" data-widget_type=\"button.default\">\n\t\t\t\t\t\t\t\t\t\t<a class=\"elementor-button elementor-button-link elementor-size-sm\" href=\"https:\/\/makonapfenyresidence.hu\/ro\/#urlap\" target=\"_blank\">\n\t\t\t\t\t\t<span class=\"elementor-button-content-wrapper\">\n\t\t\t\t\t\t\t\t\t<span class=\"elementor-button-text\">A\u0219 dori s\u0103 fac o ofert\u0103 pentru un apartament<\/span>\n\t\t\t\t\t<\/span>\n\t\t\t\t\t<\/a>\n\t\t\t\t\t\t\t\t<\/div>\n\t\t\t\t<\/div>\n\t\t\t\t\t<\/div>\n\t\t\t\t<\/div>\n\t\t<div class=\"elementor-element elementor-element-58d0960 e-flex e-con-boxed e-con e-parent\" data-id=\"58d0960\" data-element_type=\"container\" data-e-type=\"container\">\n\t\t\t\t\t<div class=\"e-con-inner\">\n\t\t\t\t<div class=\"elementor-element elementor-element-e85ebdd elementor-widget elementor-widget-heading\" data-id=\"e85ebdd\" data-element_type=\"widget\" data-e-type=\"widget\" data-widget_type=\"heading.default\">\n\t\t\t\t\t<h2 class=\"elementor-heading-title elementor-size-default\">Con\u021binut tehnic \u0219i design<\/h2>\t\t\t\t<\/div>\n\t\t<div class=\"elementor-element elementor-element-9bfd18a e-con-full e-flex e-con e-child\" data-id=\"9bfd18a\" data-element_type=\"container\" data-e-type=\"container\">\n\t\t<div class=\"elementor-element elementor-element-104ff02 e-con-full e-flex e-con e-child\" data-id=\"104ff02\" data-element_type=\"container\" data-e-type=\"container\" data-settings=\"{&quot;background_background&quot;:&quot;classic&quot;}\">\n\t\t\t\t<div class=\"elementor-element elementor-element-86047e5 elementor-widget elementor-widget-heading\" data-id=\"86047e5\" data-element_type=\"widget\" data-e-type=\"widget\" data-widget_type=\"heading.default\">\n\t\t\t\t\t<h3 class=\"elementor-heading-title elementor-size-default\">Structur\u0103 masiv\u0103<\/h3>\t\t\t\t<\/div>\n\t\t\t\t<div class=\"elementor-element elementor-element-efede9d elementor-widget elementor-widget-text-editor\" data-id=\"efede9d\" data-element_type=\"widget\" data-e-type=\"widget\" data-widget_type=\"text-editor.default\">\n\t\t\t\t\t\t\t\t\t<p>Zid\u0103ria Viablokk de 45 cm, pl\u0103cile monolitice din beton armat \u0219i izolarea fonic\u0103 de ultim\u0103 genera\u021bie asigur\u0103 o structur\u0103 stabil\u0103, atemporal\u0103 \u0219i o barier\u0103 fonic\u0103 adecvat\u0103 \u00eentre apartamente.<\/p>\t\t\t\t\t\t\t\t<\/div>\n\t\t\t\t<\/div>\n\t\t<div class=\"elementor-element elementor-element-a34e763 e-con-full e-flex e-con e-child\" data-id=\"a34e763\" data-element_type=\"container\" data-e-type=\"container\">\n\t\t\t\t<div class=\"elementor-element elementor-element-aaaab5e elementor-widget elementor-widget-heading\" data-id=\"aaaab5e\" data-element_type=\"widget\" data-e-type=\"widget\" data-widget_type=\"heading.default\">\n\t\t\t\t\t<h3 class=\"elementor-heading-title elementor-size-default\">Inginerie modern\u0103<\/h3>\t\t\t\t<\/div>\n\t\t\t\t<div class=\"elementor-element elementor-element-8f92763 elementor-widget elementor-widget-text-editor\" data-id=\"8f92763\" data-element_type=\"widget\" data-e-type=\"widget\" data-widget_type=\"text-editor.default\">\n\t\t\t\t\t\t\t\t\t<p>Sistem cu pomp\u0103 de c\u0103ldur\u0103 aer-ap\u0103, cu \u00eenc\u0103lzire prin pardoseal\u0103 \u0219i ventiloconvectoare care pot fi controlate din camer\u0103 \u00een camer\u0103. Alimentare cu ap\u0103 cald\u0103 cu pomp\u0103 de c\u0103ldur\u0103. Func\u021bionare eficient\u0103 din punct de vedere energetic, costuri reduse de \u00eentre\u021binere \u0219i confort pe tot parcursul anului.<\/p>\t\t\t\t\t\t\t\t<\/div>\n\t\t\t\t<\/div>\n\t\t<div class=\"elementor-element elementor-element-639a094 e-con-full e-flex e-con e-child\" data-id=\"639a094\" data-element_type=\"container\" data-e-type=\"container\">\n\t\t\t\t<div class=\"elementor-element elementor-element-bbd5004 elementor-widget elementor-widget-heading\" data-id=\"bbd5004\" data-element_type=\"widget\" data-e-type=\"widget\" data-widget_type=\"heading.default\">\n\t\t\t\t\t<h3 class=\"elementor-heading-title elementor-size-default\">Baz\u0103 gata de utilizare, cu finisare op\u021bional\u0103 la cheie<\/h3>\t\t\t\t<\/div>\n\t\t\t\t<div class=\"elementor-element elementor-element-53ae8ae elementor-widget elementor-widget-text-editor\" data-id=\"53ae8ae\" data-element_type=\"widget\" data-e-type=\"widget\" data-widget_type=\"text-editor.default\">\n\t\t\t\t\t\t\t\t\t<p>Contractul se refer\u0103 \u00een primul r\u00e2nd la starea structural\u0103. Finalizarea la cheie poate fi solicitat\u0103 prin acord special. Cump\u0103r\u0103torul poate alege s\u0103 construiasc\u0103 singur cl\u0103direa sau s\u0103 comande finalizarea complet\u0103.<\/p>\t\t\t\t\t\t\t\t<\/div>\n\t\t\t\t<\/div>\n\t\t\t\t<\/div>\n\t\t\t\t\t<\/div>\n\t\t\t\t<\/div>\n\t\t<div class=\"elementor-element elementor-element-d3efa44 e-flex e-con-boxed e-con e-parent\" data-id=\"d3efa44\" data-element_type=\"container\" data-e-type=\"container\" data-settings=\"{&quot;background_background&quot;:&quot;classic&quot;}\">\n\t\t\t\t\t<div class=\"e-con-inner\">\n\t\t\t\t<div class=\"elementor-element elementor-element-5dc0c25 elementor-widget elementor-widget-heading\" data-id=\"5dc0c25\" data-element_type=\"widget\" data-e-type=\"widget\" data-widget_type=\"heading.default\">\n\t\t\t\t\t<h2 class=\"elementor-heading-title elementor-size-default\">Calendar de plat\u0103 - pentru finalizarea structurii<\/h2>\t\t\t\t<\/div>\n\t\t\t\t<div class=\"elementor-element elementor-element-226bfb9 elementor-widget elementor-widget-text-editor\" data-id=\"226bfb9\" data-element_type=\"widget\" data-e-type=\"widget\" data-widget_type=\"text-editor.default\">\n\t\t\t\t\t\t\t\t\t<ul><li>10% depozit la momentul contract\u0103rii<\/li><li>20% plata \u00een rate a pre\u021bului de cump\u0103rare dup\u0103 semnarea contractului<\/li><li>10% c\u00e2nd funda\u021bia este finalizat\u0103<\/li><li>10% prima plan\u0219eu pe finalizare<\/li><li>10% plan\u0219eul etajului al doilea \u00een curs de finalizare<\/li><li>Structura acoperi\u0219ului 10% la finalizare<\/li><li>15% c\u00e2nd tencuiala intern\u0103 este finalizat\u0103<\/li><li>Fa\u021bada 10% dup\u0103 finalizare<\/li><li>5% privind atingerea unei st\u0103ri de preg\u0103tire structural\u0103<\/li><\/ul>\t\t\t\t\t\t\t\t<\/div>\n\t\t<div class=\"elementor-element elementor-element-5436d88 e-con-full e-flex e-con e-child\" data-id=\"5436d88\" data-element_type=\"container\" data-e-type=\"container\" data-settings=\"{&quot;background_background&quot;:&quot;classic&quot;}\">\n\t\t\t\t<div class=\"elementor-element elementor-element-cfb2b1f elementor-widget elementor-widget-heading\" data-id=\"cfb2b1f\" data-element_type=\"widget\" data-e-type=\"widget\" data-widget_type=\"heading.default\">\n\t\t\t\t\t<h3 class=\"elementor-heading-title elementor-size-default\">Op\u021biune de finalizare la cheie<\/h3>\t\t\t\t<\/div>\n\t\t\t\t<\/div>\n\t\t\t\t<div class=\"elementor-element elementor-element-e2d7d66 elementor-widget elementor-widget-text-editor\" data-id=\"e2d7d66\" data-element_type=\"widget\" data-e-type=\"widget\" data-widget_type=\"text-editor.default\">\n\t\t\t\t\t\t\t\t\t<p>Finalizarea la cheie poate fi solicitat\u0103 prin contract separat, dup\u0103 plata integral\u0103 a costurilor de construc\u021bie.<br data-start=\"598\" data-end=\"601\" \/>Schema de plat\u0103 pentru construc\u021bia la cheie:<\/p><ul><li>50% la momentul contract\u0103rii<\/li><li>40% dup\u0103 lucr\u0103rile de finisare intern\u0103<\/li><li>10% la predare<\/li><\/ul>\t\t\t\t\t\t\t\t<\/div>\n\t\t\t\t\t<\/div>\n\t\t\t\t<\/div>\n\t\t<div class=\"elementor-element elementor-element-5b32aa2 e-flex e-con-boxed e-con e-parent\" data-id=\"5b32aa2\" data-element_type=\"container\" data-e-type=\"container\">\n\t\t\t\t\t<div class=\"e-con-inner\">\n\t\t\t\t<div class=\"elementor-element elementor-element-2c2c2f0 elementor-widget elementor-widget-heading\" data-id=\"2c2c2f0\" data-element_type=\"widget\" data-e-type=\"widget\" data-widget_type=\"heading.default\">\n\t\t\t\t\t<h2 class=\"elementor-heading-title elementor-size-default\">Programul de punere \u00een aplicare<\/h2>\t\t\t\t<\/div>\n\t\t\t\t<div class=\"elementor-element elementor-element-607467b elementor-widget elementor-widget-text-editor\" data-id=\"607467b\" data-element_type=\"widget\" data-e-type=\"widget\" data-widget_type=\"text-editor.default\">\n\t\t\t\t\t\t\t\t\t<p><strong data-start=\"328\" data-end=\"351\">aprilie-mai 2026:<\/strong> \u00eenceperea punerii \u00een aplicare - planificat\u0103<br data-start=\"372\" data-end=\"375\" \/><strong data-start=\"375\" data-end=\"389\">2026\u20132027:<\/strong> instala\u021bii structurale, mecanice \u0219i electrice<br data-start=\"445\" data-end=\"448\" \/><strong data-start=\"448\" data-end=\"462\">2027\u20132028:<\/strong> lucr\u0103ri de fa\u021bad\u0103, lucr\u0103ri de finisare interioar\u0103<br data-start=\"504\" data-end=\"507\" \/><strong data-start=\"507\" data-end=\"516\">2028:<\/strong> predarea tehnic\u0103, predarea posesiei<\/p>\t\t\t\t\t\t\t\t<\/div>\n\t\t\t\t\t<\/div>\n\t\t\t\t<\/div>\n\t\t<div class=\"elementor-element elementor-element-9004612 e-flex e-con-boxed e-con e-parent\" data-id=\"9004612\" data-element_type=\"container\" data-e-type=\"container\" data-settings=\"{&quot;background_background&quot;:&quot;classic&quot;}\">\n\t\t\t\t\t<div class=\"e-con-inner\">\n\t\t\t\t<div class=\"elementor-element elementor-element-b463079 elementor-widget elementor-widget-heading\" data-id=\"b463079\" data-element_type=\"widget\" data-e-type=\"widget\" data-widget_type=\"heading.default\">\n\t\t\t\t\t<h2 class=\"elementor-heading-title elementor-size-default\">Cum pute\u021bi cump\u0103ra o locuin\u021b\u0103?<\/h2>\t\t\t\t<\/div>\n\t\t\t\t<div class=\"elementor-element elementor-element-37921ab elementor-widget elementor-widget-text-editor\" data-id=\"37921ab\" data-element_type=\"widget\" data-e-type=\"widget\" data-widget_type=\"text-editor.default\">\n\t\t\t\t\t\t\t\t\t<p data-start=\"599\" data-end=\"737\"><strong data-start=\"599\" data-end=\"631\">1. Declara\u021bia de inten\u021bie de a cump\u0103ra<\/strong><br data-start=\"631\" data-end=\"634\" \/>\u00cen stadiul actual al proiectului, apartamentele pot fi rezervate cu o scrisoare de inten\u021bie, cu o garan\u021bie de pre\u021b.<\/p><p data-start=\"739\" data-end=\"864\"><strong data-start=\"739\" data-end=\"768\">2. \u00cencheierea unui precontract<\/strong><br data-start=\"768\" data-end=\"771\" \/>Odat\u0103 ce planurile au devenit obligatorii din punct de vedere juridic, se va semna un contract preliminar cu un depozit de 10%.<\/p><p data-start=\"866\" data-end=\"998\"><strong data-start=\"866\" data-end=\"893\">3. Faza de punere \u00een aplicare<\/strong><br data-start=\"893\" data-end=\"896\" \/>Tran\u0219ele suplimentare ale pre\u021bului de achizi\u021bie vor fi pl\u0103tite \u00een etape, \u00een func\u021bie de stadiul de finalizare a construc\u021biei.<\/p><p data-start=\"1000\" data-end=\"1185\"><strong data-start=\"1000\" data-end=\"1063\">4. Predarea gata de utilizare \/ finalizare op\u021bional\u0103 la cheie<\/strong><br data-start=\"1063\" data-end=\"1066\" \/>Apartamentele sunt livrate \u00eentr-o stare structural\u0103 complet\u0103. La cerere, se poate solicita o finalizare la cheie cu un contract separat.<\/p>\t\t\t\t\t\t\t\t<\/div>\n\t\t<div class=\"elementor-element elementor-element-8661f24 e-con-full e-flex e-con e-child\" data-id=\"8661f24\" data-element_type=\"container\" data-e-type=\"container\" data-settings=\"{&quot;background_background&quot;:&quot;classic&quot;}\">\n\t\t\t\t<div class=\"elementor-element elementor-element-87a006e elementor-widget elementor-widget-heading\" data-id=\"87a006e\" data-element_type=\"widget\" data-e-type=\"widget\" data-widget_type=\"heading.default\">\n\t\t\t\t\t<h3 class=\"elementor-heading-title elementor-size-default\">Informa\u021bii juridice \u0219i taxe<\/h3>\t\t\t\t<\/div>\n\t\t\t\t<div class=\"elementor-element elementor-element-ca21b44 elementor-widget elementor-widget-text-editor\" data-id=\"ca21b44\" data-element_type=\"widget\" data-e-type=\"widget\" data-widget_type=\"text-editor.default\">\n\t\t\t\t\t\t\t\t\t<p data-start=\"651\" data-end=\"901\">\u00cenainte de finalizarea structurii acoperi\u0219ului cl\u0103dirii, proprietatea va fi v\u00e2ndut\u0103 prin intermediul unui contract de antrepriz\u0103, care este scutit de taxe.<br data-start=\"790\" data-end=\"793\" \/>Odat\u0103 ce acoperi\u0219ul va fi finalizat, apartamentele vor fi v\u00e2ndute ca o v\u00e2nzare supus\u0103 impozitului pe proprietate.<\/p><p data-start=\"903\" data-end=\"1008\">Onorariul avocatului pentru v\u00e2nzare este de aproximativ 0,75% din pre\u021bul total de cump\u0103rare, pe baza unei oferte individuale.<\/p>\t\t\t\t\t\t\t\t<\/div>\n\t\t\t\t<\/div>\n\t\t\t\t\t<\/div>\n\t\t\t\t<\/div>\n\t\t<div class=\"elementor-element elementor-element-23bf942 e-flex e-con-boxed e-con e-parent\" data-id=\"23bf942\" data-element_type=\"container\" data-e-type=\"container\" data-settings=\"{&quot;background_background&quot;:&quot;classic&quot;}\">\n\t\t\t\t\t<div class=\"e-con-inner\">\n\t\t\t\t<div class=\"elementor-element elementor-element-baf962f elementor-widget elementor-widget-heading\" data-id=\"baf962f\" data-element_type=\"widget\" data-e-type=\"widget\" data-widget_type=\"heading.default\">\n\t\t\t\t\t<h3 class=\"elementor-heading-title elementor-size-default\">Lista \u0219i pre\u021burile actuale ale locuin\u021belor<\/h3>\t\t\t\t<\/div>\n\t\t\t\t<div class=\"elementor-element elementor-element-7740e18 elementor-widget elementor-widget-text-editor\" data-id=\"7740e18\" data-element_type=\"widget\" data-e-type=\"widget\" data-widget_type=\"text-editor.default\">\n\t\t\t\t\t\t\t\t\t<p>Lista complet\u0103 a apartamentelor include disponibilitatea curent\u0103, pre\u021burile pentru construc\u021bie \u0219i la cheie, precum \u0219i situa\u021bia v\u00e2nz\u0103rilor.<\/p>\t\t\t\t\t\t\t\t<\/div>\n\t\t\t\t<div class=\"elementor-element elementor-element-7e29acb elementor-align-center elementor-widget elementor-widget-button\" data-id=\"7e29acb\" data-element_type=\"widget\" data-e-type=\"widget\" data-widget_type=\"button.default\">\n\t\t\t\t\t\t\t\t\t\t<a class=\"elementor-button elementor-button-link elementor-size-sm\" href=\"https:\/\/makonapfenyresidence.hu\/wp-content\/uploads\/2026\/03\/Mako_Napfeny_Residencia_46_lakas_Ertekesitesi-statuszl-1.pdf\" target=\"_blank\">\n\t\t\t\t\t\t<span class=\"elementor-button-content-wrapper\">\n\t\t\t\t\t\t\t\t\t<span class=\"elementor-button-text\">Desc\u0103rca\u021bi lista de apartamente (PDF)<\/span>\n\t\t\t\t\t<\/span>\n\t\t\t\t\t<\/a>\n\t\t\t\t\t\t\t\t<\/div>\n\t\t\t\t\t<\/div>\n\t\t\t\t<\/div>\n\t\t\t\t<\/div>","protected":false},"excerpt":{"rendered":"<p>Mak\u00f3 Napf\u00e9ny Residence \u2013 \u00faj lak\u00e1s, saj\u00e1t otthon Mak\u00f3 k\u00f6zpontj\u00e1ban \u00daj lak\u00e1s Mak\u00f3n saj\u00e1t r\u00e9szre. Modern, energiahat\u00e9kony lak\u00e1sok 33\u2013100 m\u00b2 k\u00f6z\u00f6tt, korszer\u0171 h\u0151szivatty\u00fas f\u0171t\u00e9ssel \u00e9s h\u0171t\u00e9ssel. Egyes lak\u00e1sokn\u00e1l erk\u00e9ly vagy loggia is el\u00e9rhet\u0151. Szeretn\u00e9k aj\u00e1nlatot k\u00e9rni egy lak\u00e1sra M\u0171szaki tartalom \u00e9s kialak\u00edt\u00e1s Massz\u00edv szerkezet 45 cm-es Viablokk falazat, monolit vasbeton f\u00f6d\u00e9mek \u00e9s korszer\u0171 hangszigetel\u00e9s biztos\u00edtja [&hellip;]<\/p>\n","protected":false},"author":1,"featured_media":616,"parent":0,"menu_order":0,"comment_status":"closed","ping_status":"closed","template":"elementor_header_footer","meta":{"footnotes":""},"class_list":["post-4928","page","type-page","status-publish","has-post-thumbnail","hentry"],"_links":{"self":[{"href":"https:\/\/makonapfenyresidence.hu\/ro\/wp-json\/wp\/v2\/pages\/4928","targetHints":{"allow":["GET"]}}],"collection":[{"href":"https:\/\/makonapfenyresidence.hu\/ro\/wp-json\/wp\/v2\/pages"}],"about":[{"href":"https:\/\/makonapfenyresidence.hu\/ro\/wp-json\/wp\/v2\/types\/page"}],"author":[{"embeddable":true,"href":"https:\/\/makonapfenyresidence.hu\/ro\/wp-json\/wp\/v2\/users\/1"}],"replies":[{"embeddable":true,"href":"https:\/\/makonapfenyresidence.hu\/ro\/wp-json\/wp\/v2\/comments?post=4928"}],"version-history":[{"count":23,"href":"https:\/\/makonapfenyresidence.hu\/ro\/wp-json\/wp\/v2\/pages\/4928\/revisions"}],"predecessor-version":[{"id":5150,"href":"https:\/\/makonapfenyresidence.hu\/ro\/wp-json\/wp\/v2\/pages\/4928\/revisions\/5150"}],"wp:featuredmedia":[{"embeddable":true,"href":"https:\/\/makonapfenyresidence.hu\/ro\/wp-json\/wp\/v2\/media\/616"}],"wp:attachment":[{"href":"https:\/\/makonapfenyresidence.hu\/ro\/wp-json\/wp\/v2\/media?parent=4928"}],"curies":[{"name":"wp","href":"https:\/\/api.w.org\/{rel}","templated":true}]}}