{"id":5212,"date":"2026-03-31T18:04:36","date_gmt":"2026-03-31T16:04:36","guid":{"rendered":"https:\/\/makonapfenyresidence.hu\/?page_id=5212"},"modified":"2026-04-09T14:37:03","modified_gmt":"2026-04-09T12:37:03","slug":"strada-pava","status":"publish","type":"page","link":"https:\/\/makonapfenyresidence.hu\/ro\/pava-utca\/","title":{"rendered":"Strada Peacock 25"},"content":{"rendered":"<div data-elementor-type=\"wp-page\" data-elementor-id=\"5212\" class=\"elementor elementor-5212\" data-elementor-post-type=\"page\">\n\t\t\t\t<div class=\"elementor-element elementor-element-3492fe0 e-flex e-con-boxed e-con e-parent\" data-id=\"3492fe0\" data-element_type=\"container\" data-e-type=\"container\">\n\t\t\t\t\t<div class=\"e-con-inner\">\n\t\t\t\t<div class=\"elementor-element elementor-element-59fbc10 elementor-widget elementor-widget-heading\" data-id=\"59fbc10\" data-element_type=\"widget\" data-e-type=\"widget\" data-widget_type=\"heading.default\">\n\t\t\t\t\t<h1 class=\"elementor-heading-title elementor-size-default\">Strada Peacock 25<\/h1>\t\t\t\t<\/div>\n\t\t\t\t<div class=\"elementor-element elementor-element-d22bd05 elementor-widget elementor-widget-heading\" data-id=\"d22bd05\" data-element_type=\"widget\" data-e-type=\"widget\" data-widget_type=\"heading.default\">\n\t\t\t\t\t<h2 class=\"elementor-heading-title elementor-size-default\">Cl\u0103dire cu lift - 33-100 m\u00b2 <\/h2>\t\t\t\t<\/div>\n\t\t\t\t<div class=\"elementor-element elementor-element-84d4363 elementor-widget elementor-widget-text-editor\" data-id=\"84d4363\" data-element_type=\"widget\" data-e-type=\"widget\" data-widget_type=\"text-editor.default\">\n\t\t\t\t\t\t\t\t\t<p>Mak\u00f3 Napf\u00e9ny Rezidencia este o cl\u0103dire modern\u0103 de apartamente de pe strada Szent P\u00e1va, cu lift,<br \/>cu modele de locuin\u021be bine g\u00e2ndite. De la apartamente compacte la case de familie spa\u021bioase<br \/>la apartamente, ofer\u0103 o cas\u0103 pentru fiecare situa\u021bie de locuit.<\/p>\t\t\t\t\t\t\t\t<\/div>\n\t\t\t\t\t<\/div>\n\t\t\t\t<\/div>\n\t\t<div class=\"elementor-element elementor-element-a5fc1fd e-flex e-con-boxed e-con e-parent\" data-id=\"a5fc1fd\" data-element_type=\"container\" data-e-type=\"container\">\n\t\t\t\t\t<div class=\"e-con-inner\">\n\t\t\t\t<div class=\"elementor-element elementor-element-4a75726 elementor-widget elementor-widget-heading\" data-id=\"4a75726\" data-element_type=\"widget\" data-e-type=\"widget\" data-widget_type=\"heading.default\">\n\t\t\t\t\t<h2 class=\"elementor-heading-title elementor-size-default\">Planurile cl\u0103dirii<\/h2>\t\t\t\t<\/div>\n\t\t\t\t<div class=\"elementor-element elementor-element-ded93da elementor-widget elementor-widget-text-editor\" data-id=\"ded93da\" data-element_type=\"widget\" data-e-type=\"widget\" data-widget_type=\"text-editor.default\">\n\t\t\t\t\t\t\t\t\t<p>Face\u021bi clic pe plan pentru a m\u0103ri imaginea.<\/p>\t\t\t\t\t\t\t\t<\/div>\n\t\t\t\t<div class=\"elementor-element elementor-element-837d74a e-n-tabs-mobile elementor-widget elementor-widget-n-tabs\" data-id=\"837d74a\" data-element_type=\"widget\" data-e-type=\"widget\" data-settings=\"{&quot;horizontal_scroll&quot;:&quot;disable&quot;}\" data-widget_type=\"nested-tabs.default\">\n\t\t\t\t\t\t\t<div class=\"e-n-tabs\" data-widget-number=\"137877322\" aria-label=\"File. Deschizi elementele cu tasta Enter sau Spa\u021biu, le \u00eenchizi cu Esc \u0219i navighezi folosind tastele s\u0103ge\u021bi.\">\n\t\t\t<div class=\"e-n-tabs-heading\" role=\"tablist\">\n\t\t\t\t\t<button id=\"e-n-tab-title-1378773221\" data-tab-title-id=\"e-n-tab-title-1378773221\" class=\"e-n-tab-title\" aria-selected=\"true\" data-tab-index=\"1\" role=\"tab\" tabindex=\"0\" aria-controls=\"e-n-tab-content-1378773221\" style=\"--n-tabs-title-order: 1;\">\n\t\t\t\t\t\t<span class=\"e-n-tab-title-text\">\n\t\t\t\tParter\t\t\t<\/span>\n\t\t<\/button>\n\t\t\t\t<button id=\"e-n-tab-title-1378773222\" data-tab-title-id=\"e-n-tab-title-1378773222\" class=\"e-n-tab-title\" aria-selected=\"false\" data-tab-index=\"2\" role=\"tab\" tabindex=\"-1\" aria-controls=\"e-n-tab-content-1378773222\" style=\"--n-tabs-title-order: 2;\">\n\t\t\t\t\t\t<span class=\"e-n-tab-title-text\">\n\t\t\t\tEtajul 1\t\t\t<\/span>\n\t\t<\/button>\n\t\t\t\t<button id=\"e-n-tab-title-1378773223\" data-tab-title-id=\"e-n-tab-title-1378773223\" class=\"e-n-tab-title\" aria-selected=\"false\" data-tab-index=\"3\" role=\"tab\" tabindex=\"-1\" aria-controls=\"e-n-tab-content-1378773223\" style=\"--n-tabs-title-order: 3;\">\n\t\t\t\t\t\t<span class=\"e-n-tab-title-text\">\n\t\t\t\tMansard\u0103 \t\t\t<\/span>\n\t\t<\/button>\n\t\t\t\t\t<\/div>\n\t\t\t<div class=\"e-n-tabs-content\">\n\t\t\t\t<div id=\"e-n-tab-content-1378773221\" role=\"tabpanel\" aria-labelledby=\"e-n-tab-title-1378773221\" data-tab-index=\"1\" style=\"--n-tabs-title-order: 1;\" class=\"e-active elementor-element elementor-element-0eba985 e-con-full e-flex e-con e-child\" data-id=\"0eba985\" data-element_type=\"container\" data-e-type=\"container\" data-settings=\"{&quot;background_background&quot;:&quot;classic&quot;}\">\n\t\t\t\t<div class=\"elementor-element elementor-element-6f9f5d2 elementor-widget elementor-widget-image\" data-id=\"6f9f5d2\" data-element_type=\"widget\" data-e-type=\"widget\" data-widget_type=\"image.default\">\n\t\t\t\t\t\t\t\t\t\t\t\t<figure class=\"wp-caption\">\n\t\t\t\t\t\t\t\t\t\t\t<a href=\"https:\/\/makonapfenyresidence.hu\/wp-content\/uploads\/2026\/03\/E-27-Foldszinti-alaprajz-scaled.jpg\" data-elementor-open-lightbox=\"yes\" data-elementor-lightbox-title=\"P\u00e1va utca 25 F\u00f6ldszinti alaprajz\" data-e-action-hash=\"#elementor-action%3Aaction%3Dlightbox%26settings%3DeyJpZCI6NTMwNCwidXJsIjoiaHR0cHM6XC9cL21ha29uYXBmZW55cmVzaWRlbmNlLmh1XC93cC1jb250ZW50XC91cGxvYWRzXC8yMDI2XC8wM1wvRS0yNy1Gb2xkc3ppbnRpLWFsYXByYWp6LXNjYWxlZC5qcGcifQ%3D%3D\">\n\t\t\t\t\t\t\t<img fetchpriority=\"high\" decoding=\"async\" width=\"2560\" height=\"1238\" src=\"https:\/\/makonapfenyresidence.hu\/wp-content\/uploads\/2026\/03\/E-27-Foldszinti-alaprajz-scaled.jpg\" class=\"attachment-full size-full wp-image-5304\" alt=\"\" srcset=\"https:\/\/makonapfenyresidence.hu\/wp-content\/uploads\/2026\/03\/E-27-Foldszinti-alaprajz-scaled.jpg 2560w, https:\/\/makonapfenyresidence.hu\/wp-content\/uploads\/2026\/03\/E-27-Foldszinti-alaprajz-300x145.jpg 300w, https:\/\/makonapfenyresidence.hu\/wp-content\/uploads\/2026\/03\/E-27-Foldszinti-alaprajz-1024x495.jpg 1024w, https:\/\/makonapfenyresidence.hu\/wp-content\/uploads\/2026\/03\/E-27-Foldszinti-alaprajz-768x371.jpg 768w, https:\/\/makonapfenyresidence.hu\/wp-content\/uploads\/2026\/03\/E-27-Foldszinti-alaprajz-1536x743.jpg 1536w, https:\/\/makonapfenyresidence.hu\/wp-content\/uploads\/2026\/03\/E-27-Foldszinti-alaprajz-2048x990.jpg 2048w, https:\/\/makonapfenyresidence.hu\/wp-content\/uploads\/2026\/03\/E-27-Foldszinti-alaprajz-18x9.jpg 18w\" sizes=\"(max-width: 2560px) 100vw, 2560px\" \/>\t\t\t\t\t\t\t\t<\/a>\n\t\t\t\t\t\t\t\t\t\t\t<figcaption class=\"widget-image-caption wp-caption-text\">Mak\u00f3 Napf\u00e9ny Residence P\u00e1va utca 25 parter plan parter<\/figcaption>\n\t\t\t\t\t\t\t\t\t\t<\/figure>\n\t\t\t\t\t\t\t\t\t<\/div>\n\t\t\t\t<\/div>\n\t\t<div id=\"e-n-tab-content-1378773222\" role=\"tabpanel\" aria-labelledby=\"e-n-tab-title-1378773222\" data-tab-index=\"2\" style=\"--n-tabs-title-order: 2;\" class=\"elementor-element elementor-element-0444bc1 e-con-full e-flex e-con e-child\" data-id=\"0444bc1\" data-element_type=\"container\" data-e-type=\"container\">\n\t\t\t\t<div class=\"elementor-element elementor-element-d3ae2ba elementor-widget elementor-widget-image\" data-id=\"d3ae2ba\" data-element_type=\"widget\" data-e-type=\"widget\" data-widget_type=\"image.default\">\n\t\t\t\t\t\t\t\t\t\t\t\t<figure class=\"wp-caption\">\n\t\t\t\t\t\t\t\t\t\t\t<a href=\"https:\/\/makonapfenyresidence.hu\/wp-content\/uploads\/2026\/03\/E-28-I-Emeleti-alaprajz-scaled.jpg\" data-elementor-open-lightbox=\"yes\" data-elementor-lightbox-title=\"Mak\u00f3 P\u00e1va utca 25 Emeleti alaprajz\" data-e-action-hash=\"#elementor-action%3Aaction%3Dlightbox%26settings%3DeyJpZCI6NTMwMywidXJsIjoiaHR0cHM6XC9cL21ha29uYXBmZW55cmVzaWRlbmNlLmh1XC93cC1jb250ZW50XC91cGxvYWRzXC8yMDI2XC8wM1wvRS0yOC1JLUVtZWxldGktYWxhcHJhanotc2NhbGVkLmpwZyJ9\">\n\t\t\t\t\t\t\t<img decoding=\"async\" width=\"2560\" height=\"1329\" src=\"https:\/\/makonapfenyresidence.hu\/wp-content\/uploads\/2026\/03\/E-28-I-Emeleti-alaprajz-scaled.jpg\" class=\"attachment-full size-full wp-image-5303\" alt=\"\" srcset=\"https:\/\/makonapfenyresidence.hu\/wp-content\/uploads\/2026\/03\/E-28-I-Emeleti-alaprajz-scaled.jpg 2560w, https:\/\/makonapfenyresidence.hu\/wp-content\/uploads\/2026\/03\/E-28-I-Emeleti-alaprajz-300x156.jpg 300w, https:\/\/makonapfenyresidence.hu\/wp-content\/uploads\/2026\/03\/E-28-I-Emeleti-alaprajz-1024x532.jpg 1024w, https:\/\/makonapfenyresidence.hu\/wp-content\/uploads\/2026\/03\/E-28-I-Emeleti-alaprajz-768x399.jpg 768w, https:\/\/makonapfenyresidence.hu\/wp-content\/uploads\/2026\/03\/E-28-I-Emeleti-alaprajz-1536x797.jpg 1536w, https:\/\/makonapfenyresidence.hu\/wp-content\/uploads\/2026\/03\/E-28-I-Emeleti-alaprajz-2048x1063.jpg 2048w, https:\/\/makonapfenyresidence.hu\/wp-content\/uploads\/2026\/03\/E-28-I-Emeleti-alaprajz-18x9.jpg 18w\" sizes=\"(max-width: 2560px) 100vw, 2560px\" \/>\t\t\t\t\t\t\t\t<\/a>\n\t\t\t\t\t\t\t\t\t\t\t<figcaption class=\"widget-image-caption wp-caption-text\">Mak\u00f3 Napf\u00e9ny Residence P\u00e1va utca 25 Planul primului etaj<\/figcaption>\n\t\t\t\t\t\t\t\t\t\t<\/figure>\n\t\t\t\t\t\t\t\t\t<\/div>\n\t\t\t\t<\/div>\n\t\t<div id=\"e-n-tab-content-1378773223\" role=\"tabpanel\" aria-labelledby=\"e-n-tab-title-1378773223\" data-tab-index=\"3\" style=\"--n-tabs-title-order: 3;\" class=\"elementor-element elementor-element-526508b e-con-full e-flex e-con e-child\" data-id=\"526508b\" data-element_type=\"container\" data-e-type=\"container\">\n\t\t\t\t<div class=\"elementor-element elementor-element-4187f26 elementor-widget elementor-widget-image\" data-id=\"4187f26\" data-element_type=\"widget\" data-e-type=\"widget\" data-widget_type=\"image.default\">\n\t\t\t\t\t\t\t\t\t\t\t\t<figure class=\"wp-caption\">\n\t\t\t\t\t\t\t\t\t\t\t<a href=\"https:\/\/makonapfenyresidence.hu\/wp-content\/uploads\/2026\/03\/E-29-Tetoteri-alaprajz-scaled.jpg\" data-elementor-open-lightbox=\"yes\" data-elementor-lightbox-title=\"Mak\u00f3 P\u00e1va utca 25 Tet\u0151t\u00e9ri alaprajz\" data-e-action-hash=\"#elementor-action%3Aaction%3Dlightbox%26settings%3DeyJpZCI6NTMwMiwidXJsIjoiaHR0cHM6XC9cL21ha29uYXBmZW55cmVzaWRlbmNlLmh1XC93cC1jb250ZW50XC91cGxvYWRzXC8yMDI2XC8wM1wvRS0yOS1UZXRvdGVyaS1hbGFwcmFqei1zY2FsZWQuanBnIn0%3D\">\n\t\t\t\t\t\t\t<img decoding=\"async\" width=\"2560\" height=\"1271\" src=\"https:\/\/makonapfenyresidence.hu\/wp-content\/uploads\/2026\/03\/E-29-Tetoteri-alaprajz-scaled.jpg\" class=\"attachment-full size-full wp-image-5302\" alt=\"\" srcset=\"https:\/\/makonapfenyresidence.hu\/wp-content\/uploads\/2026\/03\/E-29-Tetoteri-alaprajz-scaled.jpg 2560w, https:\/\/makonapfenyresidence.hu\/wp-content\/uploads\/2026\/03\/E-29-Tetoteri-alaprajz-300x149.jpg 300w, https:\/\/makonapfenyresidence.hu\/wp-content\/uploads\/2026\/03\/E-29-Tetoteri-alaprajz-1024x508.jpg 1024w, https:\/\/makonapfenyresidence.hu\/wp-content\/uploads\/2026\/03\/E-29-Tetoteri-alaprajz-768x381.jpg 768w, https:\/\/makonapfenyresidence.hu\/wp-content\/uploads\/2026\/03\/E-29-Tetoteri-alaprajz-1536x763.jpg 1536w, https:\/\/makonapfenyresidence.hu\/wp-content\/uploads\/2026\/03\/E-29-Tetoteri-alaprajz-2048x1017.jpg 2048w, https:\/\/makonapfenyresidence.hu\/wp-content\/uploads\/2026\/03\/E-29-Tetoteri-alaprajz-18x9.jpg 18w\" sizes=\"(max-width: 2560px) 100vw, 2560px\" \/>\t\t\t\t\t\t\t\t<\/a>\n\t\t\t\t\t\t\t\t\t\t\t<figcaption class=\"widget-image-caption wp-caption-text\">Mak\u00f3 Napf\u00e9ny Residence P\u00e1va utca 25 plan apartament<\/figcaption>\n\t\t\t\t\t\t\t\t\t\t<\/figure>\n\t\t\t\t\t\t\t\t\t<\/div>\n\t\t\t\t<\/div>\n\t\t\t\t\t<\/div>\n\t\t<\/div>\n\t\t\t\t\t\t<\/div>\n\t\t\t\t\t<\/div>\n\t\t\t\t<\/div>\n\t\t<div class=\"elementor-element elementor-element-102dd92 e-flex e-con-boxed e-con e-parent\" data-id=\"102dd92\" data-element_type=\"container\" data-e-type=\"container\">\n\t\t\t\t\t<div class=\"e-con-inner\">\n\t\t\t\t<div class=\"elementor-element elementor-element-fbc02ff elementor-widget elementor-widget-heading\" data-id=\"fbc02ff\" data-element_type=\"widget\" data-e-type=\"widget\" data-widget_type=\"heading.default\">\n\t\t\t\t\t<h2 class=\"elementor-heading-title elementor-size-default\">Planuri de vizitare a obiectivelor turistice<\/h2>\t\t\t\t<\/div>\n\t\t\t\t<div class=\"elementor-element elementor-element-d66e7b4 elementor-widget elementor-widget-gallery\" data-id=\"d66e7b4\" data-element_type=\"widget\" data-e-type=\"widget\" data-settings=\"{&quot;columns&quot;:3,&quot;lazyload&quot;:&quot;yes&quot;,&quot;gallery_layout&quot;:&quot;grid&quot;,&quot;columns_tablet&quot;:2,&quot;columns_mobile&quot;:1,&quot;gap&quot;:{&quot;unit&quot;:&quot;px&quot;,&quot;size&quot;:10,&quot;sizes&quot;:[]},&quot;gap_tablet&quot;:{&quot;unit&quot;:&quot;px&quot;,&quot;size&quot;:10,&quot;sizes&quot;:[]},&quot;gap_mobile&quot;:{&quot;unit&quot;:&quot;px&quot;,&quot;size&quot;:10,&quot;sizes&quot;:[]},&quot;link_to&quot;:&quot;file&quot;,&quot;aspect_ratio&quot;:&quot;3:2&quot;,&quot;overlay_background&quot;:&quot;yes&quot;,&quot;content_hover_animation&quot;:&quot;fade-in&quot;}\" data-widget_type=\"gallery.default\">\n\t\t\t\t\t\t\t<div class=\"elementor-gallery__container\">\n\t\t\t\t\t\t\t<a class=\"e-gallery-item elementor-gallery-item elementor-animated-content\" href=\"https:\/\/makonapfenyresidence.hu\/wp-content\/uploads\/2026\/03\/pava_Kep5.jpg\" data-elementor-open-lightbox=\"yes\" data-elementor-lightbox-slideshow=\"d66e7b4\" data-elementor-lightbox-title=\"Mak\u00f3 P\u00e1va utca 25 udvar\" data-e-action-hash=\"#elementor-action%3Aaction%3Dlightbox%26settings%3DeyJpZCI6NTI5OCwidXJsIjoiaHR0cHM6XC9cL21ha29uYXBmZW55cmVzaWRlbmNlLmh1XC93cC1jb250ZW50XC91cGxvYWRzXC8yMDI2XC8wM1wvcGF2YV9LZXA1LmpwZyIsInNsaWRlc2hvdyI6ImQ2NmU3YjQifQ%3D%3D\">\n\t\t\t\t\t<div class=\"e-gallery-image elementor-gallery-item__image\" data-thumbnail=\"https:\/\/makonapfenyresidence.hu\/wp-content\/uploads\/2026\/03\/pava_Kep5.jpg\" data-width=\"1920\" data-height=\"1080\" aria-label=\"\" role=\"img\" ><\/div>\n\t\t\t\t\t\t\t\t\t\t\t<div class=\"elementor-gallery-item__overlay\"><\/div>\n\t\t\t\t\t\t\t\t\t\t\t\t\t\t<\/a>\n\t\t\t\t\t\t\t<a class=\"e-gallery-item elementor-gallery-item elementor-animated-content\" href=\"https:\/\/makonapfenyresidence.hu\/wp-content\/uploads\/2026\/03\/pava_Kep4.jpg\" data-elementor-open-lightbox=\"yes\" data-elementor-lightbox-slideshow=\"d66e7b4\" data-elementor-lightbox-title=\"Mak\u00f3 P\u00e1va utca 25\" data-e-action-hash=\"#elementor-action%3Aaction%3Dlightbox%26settings%3DeyJpZCI6NTI5OSwidXJsIjoiaHR0cHM6XC9cL21ha29uYXBmZW55cmVzaWRlbmNlLmh1XC93cC1jb250ZW50XC91cGxvYWRzXC8yMDI2XC8wM1wvcGF2YV9LZXA0LmpwZyIsInNsaWRlc2hvdyI6ImQ2NmU3YjQifQ%3D%3D\">\n\t\t\t\t\t<div class=\"e-gallery-image elementor-gallery-item__image\" data-thumbnail=\"https:\/\/makonapfenyresidence.hu\/wp-content\/uploads\/2026\/03\/pava_Kep4.jpg\" data-width=\"1920\" data-height=\"1080\" aria-label=\"\" role=\"img\" ><\/div>\n\t\t\t\t\t\t\t\t\t\t\t<div class=\"elementor-gallery-item__overlay\"><\/div>\n\t\t\t\t\t\t\t\t\t\t\t\t\t\t<\/a>\n\t\t\t\t\t\t\t<a class=\"e-gallery-item elementor-gallery-item elementor-animated-content\" href=\"https:\/\/makonapfenyresidence.hu\/wp-content\/uploads\/2026\/03\/pava_Kep3.jpg\" data-elementor-open-lightbox=\"yes\" data-elementor-lightbox-slideshow=\"d66e7b4\" data-elementor-lightbox-title=\"Mak\u00f3 P\u00e1va utca 25 utca\" data-e-action-hash=\"#elementor-action%3Aaction%3Dlightbox%26settings%3DeyJpZCI6NTMwMCwidXJsIjoiaHR0cHM6XC9cL21ha29uYXBmZW55cmVzaWRlbmNlLmh1XC93cC1jb250ZW50XC91cGxvYWRzXC8yMDI2XC8wM1wvcGF2YV9LZXAzLmpwZyIsInNsaWRlc2hvdyI6ImQ2NmU3YjQifQ%3D%3D\">\n\t\t\t\t\t<div class=\"e-gallery-image elementor-gallery-item__image\" data-thumbnail=\"https:\/\/makonapfenyresidence.hu\/wp-content\/uploads\/2026\/03\/pava_Kep3.jpg\" data-width=\"1920\" data-height=\"1080\" aria-label=\"\" role=\"img\" ><\/div>\n\t\t\t\t\t\t\t\t\t\t\t<div class=\"elementor-gallery-item__overlay\"><\/div>\n\t\t\t\t\t\t\t\t\t\t\t\t\t\t<\/a>\n\t\t\t\t\t\t\t<a class=\"e-gallery-item elementor-gallery-item elementor-animated-content\" href=\"https:\/\/makonapfenyresidence.hu\/wp-content\/uploads\/2026\/03\/pava_Kep1.jpg\" data-elementor-open-lightbox=\"yes\" data-elementor-lightbox-slideshow=\"d66e7b4\" data-elementor-lightbox-title=\"Mak\u00f3 P\u00e1va utca 25 utcai\" data-e-action-hash=\"#elementor-action%3Aaction%3Dlightbox%26settings%3DeyJpZCI6NTMwMSwidXJsIjoiaHR0cHM6XC9cL21ha29uYXBmZW55cmVzaWRlbmNlLmh1XC93cC1jb250ZW50XC91cGxvYWRzXC8yMDI2XC8wM1wvcGF2YV9LZXAxLmpwZyIsInNsaWRlc2hvdyI6ImQ2NmU3YjQifQ%3D%3D\">\n\t\t\t\t\t<div class=\"e-gallery-image elementor-gallery-item__image\" data-thumbnail=\"https:\/\/makonapfenyresidence.hu\/wp-content\/uploads\/2026\/03\/pava_Kep1.jpg\" data-width=\"1920\" data-height=\"1080\" aria-label=\"\" role=\"img\" ><\/div>\n\t\t\t\t\t\t\t\t\t\t\t<div class=\"elementor-gallery-item__overlay\"><\/div>\n\t\t\t\t\t\t\t\t\t\t\t\t\t\t<\/a>\n\t\t\t\t\t<\/div>\n\t\t\t\t\t<\/div>\n\t\t\t\t\t<\/div>\n\t\t\t\t<\/div>\n\t\t<div class=\"elementor-element elementor-element-d6adc4d e-flex e-con-boxed e-con e-parent\" data-id=\"d6adc4d\" data-element_type=\"container\" data-e-type=\"container\" data-settings=\"{&quot;background_background&quot;:&quot;classic&quot;}\">\n\t\t\t\t\t<div class=\"e-con-inner\">\n\t\t\t\t<div class=\"elementor-element elementor-element-a284dd6 elementor-widget elementor-widget-heading\" data-id=\"a284dd6\" data-element_type=\"widget\" data-e-type=\"widget\" data-widget_type=\"heading.default\">\n\t\t\t\t\t<h2 class=\"elementor-heading-title elementor-size-default\">V\u0103 intereseaz\u0103 cl\u0103direa de pe strada P\u00e1va?<\/h2>\t\t\t\t<\/div>\n\t\t\t\t<div class=\"elementor-element elementor-element-046ccf0 elementor-widget elementor-widget-text-editor\" data-id=\"046ccf0\" data-element_type=\"widget\" data-e-type=\"widget\" data-widget_type=\"text-editor.default\">\n\t\t\t\t\t\t\t\t\t<p>Cere\u021bi o list\u0103 a apartamentelor disponibile \u00een prezent,<br \/>cu planuri de etaj \u0219i con\u021binut tehnic detaliat.<\/p>\t\t\t\t\t\t\t\t<\/div>\n\t\t\t\t<div class=\"elementor-element elementor-element-1ad6522 elementor-align-center elementor-widget elementor-widget-button\" data-id=\"1ad6522\" data-element_type=\"widget\" data-e-type=\"widget\" data-widget_type=\"button.default\">\n\t\t\t\t\t\t\t\t\t\t<a class=\"elementor-button elementor-button-link elementor-size-sm\" href=\"https:\/\/makonapfenyresidence.hu\/ro\/#urlap\" target=\"_blank\">\n\t\t\t\t\t\t<span class=\"elementor-button-content-wrapper\">\n\t\t\t\t\t\t\t\t\t<span class=\"elementor-button-text\">Solicita\u021bi apartamentele \u0219i pre\u021burile actuale<\/span>\n\t\t\t\t\t<\/span>\n\t\t\t\t\t<\/a>\n\t\t\t\t\t\t\t\t<\/div>\n\t\t\t\t\t<\/div>\n\t\t\t\t<\/div>\n\t\t\t\t<\/div>","protected":false},"excerpt":{"rendered":"<p>P\u00e1va utca 25 Liftes \u00e9p\u00fclet \u2022 33\u2013100 m\u00b2 A Mak\u00f3 Napf\u00e9ny Rezidencia Szent P\u00e1va utcai \u00e9p\u00fclete modern, liftes t\u00e1rsash\u00e1z,\u00e1tgondolt lak\u00e1selrendez\u00e9sekkel. A kompakt garzonokt\u00f3l a t\u00e1gasabb csal\u00e1dilak\u00e1sokig minden \u00e9lethelyzetre k\u00edn\u00e1l megfelel\u0151 otthont. \u00c9p\u00fclet alaprajzai Kattintson az alaprajzra a nagy\u00edt\u00e1shoz. F\u00f6ldszint I. emelet Tet\u0151t\u00e9r Mak\u00f3 Napf\u00e9ny Rezidencia P\u00e1va utca 25 f\u00f6ldszinti alaprajz Mak\u00f3 Napf\u00e9ny Rezidencia P\u00e1va utca [&hellip;]<\/p>\n","protected":false},"author":1,"featured_media":5300,"parent":0,"menu_order":0,"comment_status":"closed","ping_status":"closed","template":"","meta":{"footnotes":""},"class_list":["post-5212","page","type-page","status-publish","has-post-thumbnail","hentry"],"_links":{"self":[{"href":"https:\/\/makonapfenyresidence.hu\/ro\/wp-json\/wp\/v2\/pages\/5212","targetHints":{"allow":["GET"]}}],"collection":[{"href":"https:\/\/makonapfenyresidence.hu\/ro\/wp-json\/wp\/v2\/pages"}],"about":[{"href":"https:\/\/makonapfenyresidence.hu\/ro\/wp-json\/wp\/v2\/types\/page"}],"author":[{"embeddable":true,"href":"https:\/\/makonapfenyresidence.hu\/ro\/wp-json\/wp\/v2\/users\/1"}],"replies":[{"embeddable":true,"href":"https:\/\/makonapfenyresidence.hu\/ro\/wp-json\/wp\/v2\/comments?post=5212"}],"version-history":[{"count":7,"href":"https:\/\/makonapfenyresidence.hu\/ro\/wp-json\/wp\/v2\/pages\/5212\/revisions"}],"predecessor-version":[{"id":5324,"href":"https:\/\/makonapfenyresidence.hu\/ro\/wp-json\/wp\/v2\/pages\/5212\/revisions\/5324"}],"wp:featuredmedia":[{"embeddable":true,"href":"https:\/\/makonapfenyresidence.hu\/ro\/wp-json\/wp\/v2\/media\/5300"}],"wp:attachment":[{"href":"https:\/\/makonapfenyresidence.hu\/ro\/wp-json\/wp\/v2\/media?parent=5212"}],"curies":[{"name":"wp","href":"https:\/\/api.w.org\/{rel}","templated":true}]}}